{"id":1569,"date":"2020-05-15T17:33:45","date_gmt":"2020-05-15T15:33:45","guid":{"rendered":"https:\/\/worldballetclass.com\/?post_type=product&#038;p=1569"},"modified":"2021-01-17T19:01:18","modified_gmt":"2021-01-17T16:01:18","slug":"emi-hariyama-the-bar-lesson-2","status":"publish","type":"product","link":"https:\/\/worldballetclass.com\/ja\/master-classes\/emi-hariyama-the-bar-lesson-2\/","title":{"rendered":"Emi Hariyama <BR> For beginner\/intermediate level (From age 9 and up)The full bar lesson with demonstrations.You can do at home."},"content":{"rendered":"<p><span style=\"font-weight: 400;\">The full bar lesson .<\/span><span style=\"font-weight: 400;\">Included Warm up, Pli\u00e9, Tendu, Jet\u00e9, Rond de jambe \u00e0 terre , Fondu, Frapp\u00e9, Adagio, Grand battement, Relev\u00e9. <\/span><span style=\"font-weight: 400;\">It&#8217;s a simple exercise you can do every day.\u00a0<\/span><span style=\"font-weight: 400;\">For beginner and intermediate<\/span><\/p>\n","protected":false},"excerpt":{"rendered":"<p>The image is very easy to understand because you can see what was shot from the front and from the side on one screen.<br \/>\nThe full bar lesson .<br \/>\nIncluded Warm up, Pli\u00e9, Tendu, Jet\u00e9, Rond de jambe \u00e0 terre , Fondu, Frapp\u00e9, Adagio, Grand battement, Relev\u00e9.<br \/>\nIt&#8217;s a simple exercise you can do every day.<\/p>\n<p>Due to the influence of the COVID-19 , the lesson contents made for\u00a0 \u201cstay-home\u201d. The recording is also taken at home during pandemic time ,thank you for your understanding.<\/p>\n","protected":false},"featured_media":3535,"comment_status":"open","ping_status":"closed","template":"","meta":{"site-sidebar-layout":"default","site-content-layout":"default","ast-site-content-layout":"default","site-content-style":"default","site-sidebar-style":"default","ast-global-header-display":"","ast-banner-title-visibility":"","ast-main-header-display":"","ast-hfb-above-header-display":"","ast-hfb-below-header-display":"","ast-hfb-mobile-header-display":"","site-post-title":"","ast-breadcrumbs-content":"","ast-featured-img":"","footer-sml-layout":"","theme-transparent-header-meta":"default","adv-header-id-meta":"","stick-header-meta":"","header-above-stick-meta":"","header-main-stick-meta":"","header-below-stick-meta":"","astra-migrate-meta-layouts":"default","ast-page-background-enabled":"default","ast-page-background-meta":{"desktop":{"background-color":"","background-image":"","background-repeat":"repeat","background-position":"center center","background-size":"auto","background-attachment":"scroll","background-type":"","background-media":"","overlay-type":"","overlay-color":"","overlay-opacity":"","overlay-gradient":""},"tablet":{"background-color":"","background-image":"","background-repeat":"repeat","background-position":"center center","background-size":"auto","background-attachment":"scroll","background-type":"","background-media":"","overlay-type":"","overlay-color":"","overlay-opacity":"","overlay-gradient":""},"mobile":{"background-color":"","background-image":"","background-repeat":"repeat","background-position":"center center","background-size":"auto","background-attachment":"scroll","background-type":"","background-media":"","overlay-type":"","overlay-color":"","overlay-opacity":"","overlay-gradient":""}},"ast-content-background-meta":{"desktop":{"background-color":"var(--ast-global-color-5)","background-image":"","background-repeat":"repeat","background-position":"center center","background-size":"auto","background-attachment":"scroll","background-type":"","background-media":"","overlay-type":"","overlay-color":"","overlay-opacity":"","overlay-gradient":""},"tablet":{"background-color":"var(--ast-global-color-5)","background-image":"","background-repeat":"repeat","background-position":"center center","background-size":"auto","background-attachment":"scroll","background-type":"","background-media":"","overlay-type":"","overlay-color":"","overlay-opacity":"","overlay-gradient":""},"mobile":{"background-color":"var(--ast-global-color-5)","background-image":"","background-repeat":"repeat","background-position":"center center","background-size":"auto","background-attachment":"scroll","background-type":"","background-media":"","overlay-type":"","overlay-color":"","overlay-opacity":"","overlay-gradient":""}}},"product_brand":[],"product_cat":[60],"product_tag":[49,50,127,138,171],"class_list":{"0":"post-1569","1":"product","2":"type-product","3":"status-publish","4":"has-post-thumbnail","6":"product_cat-emi-hariyama","7":"product_tag-intermediate","8":"product_tag-beginner","9":"product_tag-for-participants-in-competitions","10":"product_tag-vaganova-method","11":"product_tag-english","12":"desktop-align-left","13":"tablet-align-left","14":"mobile-align-left","16":"first","17":"instock","18":"virtual","19":"sold-individually","20":"purchasable","21":"product-type-simple"},"yoast_head":"<!-- This site is optimized with the Yoast SEO plugin v25.3.1 - https:\/\/yoast.com\/wordpress\/plugins\/seo\/ -->\n<title>Emi Hariyama  For beginner\/intermediate level (From age 9 and up)The full bar lesson with demonstrations.You can do at home. - WorldBalletClass<\/title>\n<meta name=\"robots\" content=\"index, follow, max-snippet:-1, max-image-preview:large, max-video-preview:-1\" \/>\n<link rel=\"canonical\" href=\"https:\/\/worldballetclass.com\/master-classes\/emi-hariyama-the-bar-lesson-2\/\" \/>\n<meta property=\"og:locale\" content=\"ja_JP\" \/>\n<meta property=\"og:type\" content=\"article\" \/>\n<meta property=\"og:title\" content=\"Emi Hariyama  For beginner\/intermediate level (From age 9 and up)The full bar lesson with demonstrations.You can do at home. - WorldBalletClass\" \/>\n<meta property=\"og:description\" content=\"The image is very easy to understand because you can see what was shot from the front and from the side on one screen. The full bar lesson . Included Warm up, Pli\u00e9, Tendu, Jet\u00e9, Rond de jambe \u00e0 terre , Fondu, Frapp\u00e9, Adagio, Grand battement, Relev\u00e9. It&#039;s a simple exercise you can do every day.  Due to the influence of the COVID-19 , the lesson contents made for\u00a0 \u201cstay-home\u201d. The recording is also taken at home during pandemic time ,thank you for your understanding.\" \/>\n<meta property=\"og:url\" content=\"https:\/\/worldballetclass.com\/master-classes\/emi-hariyama-the-bar-lesson-2\/\" \/>\n<meta property=\"og:site_name\" content=\"WorldBalletClass\" \/>\n<meta property=\"article:publisher\" content=\"https:\/\/www.facebook.com\/WorldBalletClass\/\" \/>\n<meta property=\"article:modified_time\" content=\"2021-01-17T16:01:18+00:00\" \/>\n<meta property=\"og:image\" content=\"https:\/\/worldballetclass.com\/wp-content\/uploads\/2020\/04\/eh-004-e1598728189937.jpg\" \/>\n\t<meta property=\"og:image:width\" content=\"300\" \/>\n\t<meta property=\"og:image:height\" content=\"300\" \/>\n\t<meta property=\"og:image:type\" content=\"image\/jpeg\" \/>\n<meta name=\"twitter:card\" content=\"summary_large_image\" \/>\n<script type=\"application\/ld+json\" class=\"yoast-schema-graph\">{\"@context\":\"https:\/\/schema.org\",\"@graph\":[{\"@type\":\"WebPage\",\"@id\":\"https:\/\/worldballetclass.com\/master-classes\/emi-hariyama-the-bar-lesson-2\/\",\"url\":\"https:\/\/worldballetclass.com\/master-classes\/emi-hariyama-the-bar-lesson-2\/\",\"name\":\"Emi Hariyama For beginner\/intermediate level (From age 9 and up)The full bar lesson with demonstrations.You can do at home. - WorldBalletClass\",\"isPartOf\":{\"@id\":\"https:\/\/worldballetclass.com\/#website\"},\"primaryImageOfPage\":{\"@id\":\"https:\/\/worldballetclass.com\/master-classes\/emi-hariyama-the-bar-lesson-2\/#primaryimage\"},\"image\":{\"@id\":\"https:\/\/worldballetclass.com\/master-classes\/emi-hariyama-the-bar-lesson-2\/#primaryimage\"},\"thumbnailUrl\":\"https:\/\/worldballetclass.com\/wp-content\/uploads\/2020\/04\/eh-004-e1598728189937.jpg\",\"datePublished\":\"2020-05-15T15:33:45+00:00\",\"dateModified\":\"2021-01-17T16:01:18+00:00\",\"breadcrumb\":{\"@id\":\"https:\/\/worldballetclass.com\/master-classes\/emi-hariyama-the-bar-lesson-2\/#breadcrumb\"},\"inLanguage\":\"ja\",\"potentialAction\":[{\"@type\":\"ReadAction\",\"target\":[\"https:\/\/worldballetclass.com\/master-classes\/emi-hariyama-the-bar-lesson-2\/\"]}]},{\"@type\":\"ImageObject\",\"inLanguage\":\"ja\",\"@id\":\"https:\/\/worldballetclass.com\/master-classes\/emi-hariyama-the-bar-lesson-2\/#primaryimage\",\"url\":\"https:\/\/worldballetclass.com\/wp-content\/uploads\/2020\/04\/eh-004-e1598728189937.jpg\",\"contentUrl\":\"https:\/\/worldballetclass.com\/wp-content\/uploads\/2020\/04\/eh-004-e1598728189937.jpg\",\"width\":300,\"height\":300},{\"@type\":\"BreadcrumbList\",\"@id\":\"https:\/\/worldballetclass.com\/master-classes\/emi-hariyama-the-bar-lesson-2\/#breadcrumb\",\"itemListElement\":[{\"@type\":\"ListItem\",\"position\":1,\"name\":\"Master-Classes\",\"item\":\"https:\/\/worldballetclass.com\/master-classes\/\"},{\"@type\":\"ListItem\",\"position\":2,\"name\":\"Intermediate\",\"item\":\"https:\/\/worldballetclass.com\/product-tag\/intermediate\/\"},{\"@type\":\"ListItem\",\"position\":3,\"name\":\"Emi Hariyama For beginner\/intermediate level (From age 9 and up)The full bar lesson with demonstrations.You can do at home.\"}]},{\"@type\":\"WebSite\",\"@id\":\"https:\/\/worldballetclass.com\/#website\",\"url\":\"https:\/\/worldballetclass.com\/\",\"name\":\"WorldBalletClass\",\"description\":\"abhte115\",\"publisher\":{\"@id\":\"https:\/\/worldballetclass.com\/#organization\"},\"potentialAction\":[{\"@type\":\"SearchAction\",\"target\":{\"@type\":\"EntryPoint\",\"urlTemplate\":\"https:\/\/worldballetclass.com\/?s={search_term_string}\"},\"query-input\":{\"@type\":\"PropertyValueSpecification\",\"valueRequired\":true,\"valueName\":\"search_term_string\"}}],\"inLanguage\":\"ja\"},{\"@type\":\"Organization\",\"@id\":\"https:\/\/worldballetclass.com\/#organization\",\"name\":\"WorldBalletClass\",\"url\":\"https:\/\/worldballetclass.com\/\",\"logo\":{\"@type\":\"ImageObject\",\"inLanguage\":\"ja\",\"@id\":\"https:\/\/worldballetclass.com\/#\/schema\/logo\/image\/\",\"url\":\"https:\/\/worldballetclass.com\/wp-content\/uploads\/2020\/04\/logo-06.png\",\"contentUrl\":\"https:\/\/worldballetclass.com\/wp-content\/uploads\/2020\/04\/logo-06.png\",\"width\":278,\"height\":27,\"caption\":\"WorldBalletClass\"},\"image\":{\"@id\":\"https:\/\/worldballetclass.com\/#\/schema\/logo\/image\/\"},\"sameAs\":[\"https:\/\/www.facebook.com\/WorldBalletClass\/\",\"https:\/\/www.instagram.com\/worldballetclass\/\",\"https:\/\/www.youtube.com\/channel\/UCNmPoQTLIlWsjWJypfXP3Zw\/\"]}]}<\/script>\n<!-- \/ Yoast SEO plugin. -->","yoast_head_json":{"title":"Emi Hariyama  For beginner\/intermediate level (From age 9 and up)The full bar lesson with demonstrations.You can do at home. - WorldBalletClass","robots":{"index":"index","follow":"follow","max-snippet":"max-snippet:-1","max-image-preview":"max-image-preview:large","max-video-preview":"max-video-preview:-1"},"canonical":"https:\/\/worldballetclass.com\/master-classes\/emi-hariyama-the-bar-lesson-2\/","og_locale":"ja_JP","og_type":"article","og_title":"Emi Hariyama  For beginner\/intermediate level (From age 9 and up)The full bar lesson with demonstrations.You can do at home. - WorldBalletClass","og_description":"The image is very easy to understand because you can see what was shot from the front and from the side on one screen. The full bar lesson . Included Warm up, Pli\u00e9, Tendu, Jet\u00e9, Rond de jambe \u00e0 terre , Fondu, Frapp\u00e9, Adagio, Grand battement, Relev\u00e9. It's a simple exercise you can do every day.  Due to the influence of the COVID-19 , the lesson contents made for\u00a0 \u201cstay-home\u201d. The recording is also taken at home during pandemic time ,thank you for your understanding.","og_url":"https:\/\/worldballetclass.com\/master-classes\/emi-hariyama-the-bar-lesson-2\/","og_site_name":"WorldBalletClass","article_publisher":"https:\/\/www.facebook.com\/WorldBalletClass\/","article_modified_time":"2021-01-17T16:01:18+00:00","og_image":[{"width":300,"height":300,"url":"https:\/\/worldballetclass.com\/wp-content\/uploads\/2020\/04\/eh-004-e1598728189937.jpg","type":"image\/jpeg"}],"twitter_card":"summary_large_image","schema":{"@context":"https:\/\/schema.org","@graph":[{"@type":"WebPage","@id":"https:\/\/worldballetclass.com\/master-classes\/emi-hariyama-the-bar-lesson-2\/","url":"https:\/\/worldballetclass.com\/master-classes\/emi-hariyama-the-bar-lesson-2\/","name":"Emi Hariyama For beginner\/intermediate level (From age 9 and up)The full bar lesson with demonstrations.You can do at home. - WorldBalletClass","isPartOf":{"@id":"https:\/\/worldballetclass.com\/#website"},"primaryImageOfPage":{"@id":"https:\/\/worldballetclass.com\/master-classes\/emi-hariyama-the-bar-lesson-2\/#primaryimage"},"image":{"@id":"https:\/\/worldballetclass.com\/master-classes\/emi-hariyama-the-bar-lesson-2\/#primaryimage"},"thumbnailUrl":"https:\/\/worldballetclass.com\/wp-content\/uploads\/2020\/04\/eh-004-e1598728189937.jpg","datePublished":"2020-05-15T15:33:45+00:00","dateModified":"2021-01-17T16:01:18+00:00","breadcrumb":{"@id":"https:\/\/worldballetclass.com\/master-classes\/emi-hariyama-the-bar-lesson-2\/#breadcrumb"},"inLanguage":"ja","potentialAction":[{"@type":"ReadAction","target":["https:\/\/worldballetclass.com\/master-classes\/emi-hariyama-the-bar-lesson-2\/"]}]},{"@type":"ImageObject","inLanguage":"ja","@id":"https:\/\/worldballetclass.com\/master-classes\/emi-hariyama-the-bar-lesson-2\/#primaryimage","url":"https:\/\/worldballetclass.com\/wp-content\/uploads\/2020\/04\/eh-004-e1598728189937.jpg","contentUrl":"https:\/\/worldballetclass.com\/wp-content\/uploads\/2020\/04\/eh-004-e1598728189937.jpg","width":300,"height":300},{"@type":"BreadcrumbList","@id":"https:\/\/worldballetclass.com\/master-classes\/emi-hariyama-the-bar-lesson-2\/#breadcrumb","itemListElement":[{"@type":"ListItem","position":1,"name":"Master-Classes","item":"https:\/\/worldballetclass.com\/master-classes\/"},{"@type":"ListItem","position":2,"name":"Intermediate","item":"https:\/\/worldballetclass.com\/product-tag\/intermediate\/"},{"@type":"ListItem","position":3,"name":"Emi Hariyama For beginner\/intermediate level (From age 9 and up)The full bar lesson with demonstrations.You can do at home."}]},{"@type":"WebSite","@id":"https:\/\/worldballetclass.com\/#website","url":"https:\/\/worldballetclass.com\/","name":"WorldBalletClass","description":"abhte115","publisher":{"@id":"https:\/\/worldballetclass.com\/#organization"},"potentialAction":[{"@type":"SearchAction","target":{"@type":"EntryPoint","urlTemplate":"https:\/\/worldballetclass.com\/?s={search_term_string}"},"query-input":{"@type":"PropertyValueSpecification","valueRequired":true,"valueName":"search_term_string"}}],"inLanguage":"ja"},{"@type":"Organization","@id":"https:\/\/worldballetclass.com\/#organization","name":"WorldBalletClass","url":"https:\/\/worldballetclass.com\/","logo":{"@type":"ImageObject","inLanguage":"ja","@id":"https:\/\/worldballetclass.com\/#\/schema\/logo\/image\/","url":"https:\/\/worldballetclass.com\/wp-content\/uploads\/2020\/04\/logo-06.png","contentUrl":"https:\/\/worldballetclass.com\/wp-content\/uploads\/2020\/04\/logo-06.png","width":278,"height":27,"caption":"WorldBalletClass"},"image":{"@id":"https:\/\/worldballetclass.com\/#\/schema\/logo\/image\/"},"sameAs":["https:\/\/www.facebook.com\/WorldBalletClass\/","https:\/\/www.instagram.com\/worldballetclass\/","https:\/\/www.youtube.com\/channel\/UCNmPoQTLIlWsjWJypfXP3Zw\/"]}]}},"_links":{"self":[{"href":"https:\/\/worldballetclass.com\/ja\/wp-json\/wp\/v2\/product\/1569","targetHints":{"allow":["GET"]}}],"collection":[{"href":"https:\/\/worldballetclass.com\/ja\/wp-json\/wp\/v2\/product"}],"about":[{"href":"https:\/\/worldballetclass.com\/ja\/wp-json\/wp\/v2\/types\/product"}],"replies":[{"embeddable":true,"href":"https:\/\/worldballetclass.com\/ja\/wp-json\/wp\/v2\/comments?post=1569"}],"version-history":[{"count":5,"href":"https:\/\/worldballetclass.com\/ja\/wp-json\/wp\/v2\/product\/1569\/revisions"}],"predecessor-version":[{"id":2286,"href":"https:\/\/worldballetclass.com\/ja\/wp-json\/wp\/v2\/product\/1569\/revisions\/2286"}],"wp:featuredmedia":[{"embeddable":true,"href":"https:\/\/worldballetclass.com\/ja\/wp-json\/wp\/v2\/media\/3535"}],"wp:attachment":[{"href":"https:\/\/worldballetclass.com\/ja\/wp-json\/wp\/v2\/media?parent=1569"}],"wp:term":[{"taxonomy":"product_brand","embeddable":true,"href":"https:\/\/worldballetclass.com\/ja\/wp-json\/wp\/v2\/product_brand?post=1569"},{"taxonomy":"product_cat","embeddable":true,"href":"https:\/\/worldballetclass.com\/ja\/wp-json\/wp\/v2\/product_cat?post=1569"},{"taxonomy":"product_tag","embeddable":true,"href":"https:\/\/worldballetclass.com\/ja\/wp-json\/wp\/v2\/product_tag?post=1569"}],"curies":[{"name":"wp","href":"https:\/\/api.w.org\/{rel}","templated":true}]}}