{"id":2896,"date":"2020-07-29T00:35:23","date_gmt":"2020-07-28T22:35:23","guid":{"rendered":"https:\/\/worldballetclass.com\/?post_type=product&#038;p=2896"},"modified":"2021-03-09T11:24:29","modified_gmt":"2021-03-09T08:24:29","slug":"mayumi-sakamoto-battement-tendu-primera-parte","status":"publish","type":"product","link":"https:\/\/worldballetclass.com\/ja\/master-classes\/mayumi-sakamoto-battement-tendu-primera-parte\/","title":{"rendered":"Mayumi Sakamoto <BR>Lecci\u00f3n n\u00famero 3. Battement tendu, primera parte."},"content":{"rendered":"<p><span style=\"font-weight: 400;\">Esta es una lecci\u00f3n para el nivel PRINCIPIANTE, adultos y ni\u00f1os. La famosa t\u00e9cnica rusa Vaganova. Lecci\u00f3n en video para hacer ejercicio en casa.\u00a1Aprender\u00e1s y te divertir\u00e1s mucho practicando la t\u00e9cnica del ballet cl\u00e1sico en casa!<\/span><\/p>\n<p><em><span style=\"font-weight: 400;\">Es mejor estudiar todas las lecciones de forma secuencial, entonces recibir\u00e1 tanto conocimiento con m\u00e1ximo placer. Dado que la t\u00e9cnica rusa del ballet cl\u00e1sico es un estudio consistente lo que es muy importante en el ballet<\/span><\/em><\/p>\n","protected":false},"excerpt":{"rendered":"<p><span style=\"font-weight: 400;\">Explicaci\u00f3n detallada de la ejecuci\u00f3n correcta y secuencia del battement tendu en primera fase frente a la barra,\u00a0 y en segunda fase con una mano en la barra en en I y V posici\u00f3n respectivamente. Explicaci\u00f3n y ejecuci\u00f3n del movimiento de forma simple y repetitiva.Combinaci\u00f3n de los movimientos estudiados.<\/span><\/p>\n","protected":false},"featured_media":2897,"comment_status":"open","ping_status":"closed","template":"","meta":{"site-sidebar-layout":"default","site-content-layout":"default","ast-site-content-layout":"default","site-content-style":"default","site-sidebar-style":"default","ast-global-header-display":"","ast-banner-title-visibility":"","ast-main-header-display":"","ast-hfb-above-header-display":"","ast-hfb-below-header-display":"","ast-hfb-mobile-header-display":"","site-post-title":"","ast-breadcrumbs-content":"","ast-featured-img":"","footer-sml-layout":"","theme-transparent-header-meta":"default","adv-header-id-meta":"","stick-header-meta":"","header-above-stick-meta":"","header-main-stick-meta":"","header-below-stick-meta":"","astra-migrate-meta-layouts":"default","ast-page-background-enabled":"default","ast-page-background-meta":{"desktop":{"background-color":"","background-image":"","background-repeat":"repeat","background-position":"center center","background-size":"auto","background-attachment":"scroll","background-type":"","background-media":"","overlay-type":"","overlay-color":"","overlay-opacity":"","overlay-gradient":""},"tablet":{"background-color":"","background-image":"","background-repeat":"repeat","background-position":"center center","background-size":"auto","background-attachment":"scroll","background-type":"","background-media":"","overlay-type":"","overlay-color":"","overlay-opacity":"","overlay-gradient":""},"mobile":{"background-color":"","background-image":"","background-repeat":"repeat","background-position":"center center","background-size":"auto","background-attachment":"scroll","background-type":"","background-media":"","overlay-type":"","overlay-color":"","overlay-opacity":"","overlay-gradient":""}},"ast-content-background-meta":{"desktop":{"background-color":"var(--ast-global-color-5)","background-image":"","background-repeat":"repeat","background-position":"center center","background-size":"auto","background-attachment":"scroll","background-type":"","background-media":"","overlay-type":"","overlay-color":"","overlay-opacity":"","overlay-gradient":""},"tablet":{"background-color":"var(--ast-global-color-5)","background-image":"","background-repeat":"repeat","background-position":"center center","background-size":"auto","background-attachment":"scroll","background-type":"","background-media":"","overlay-type":"","overlay-color":"","overlay-opacity":"","overlay-gradient":""},"mobile":{"background-color":"var(--ast-global-color-5)","background-image":"","background-repeat":"repeat","background-position":"center center","background-size":"auto","background-attachment":"scroll","background-type":"","background-media":"","overlay-type":"","overlay-color":"","overlay-opacity":"","overlay-gradient":""}}},"product_brand":[],"product_cat":[116],"product_tag":[138,172,50,52],"class_list":{"0":"post-2896","1":"product","2":"type-product","3":"status-publish","4":"has-post-thumbnail","6":"product_cat-mayumi-sakamoto","7":"product_tag-vaganova-method","8":"product_tag-espanol","9":"product_tag-beginner","10":"product_tag-for-children","11":"desktop-align-left","12":"tablet-align-left","13":"mobile-align-left","15":"first","16":"instock","17":"virtual","18":"sold-individually","19":"purchasable","20":"product-type-simple"},"yoast_head":"<!-- This site is optimized with the Yoast SEO plugin v25.3.1 - https:\/\/yoast.com\/wordpress\/plugins\/seo\/ -->\n<title>Mayumi Sakamoto Lecci\u00f3n n\u00famero 3. Battement tendu, primera parte. - WorldBalletClass<\/title>\n<meta name=\"robots\" content=\"index, follow, max-snippet:-1, max-image-preview:large, max-video-preview:-1\" \/>\n<link rel=\"canonical\" href=\"https:\/\/worldballetclass.com\/master-classes\/mayumi-sakamoto-battement-tendu-primera-parte\/\" \/>\n<meta property=\"og:locale\" content=\"ja_JP\" \/>\n<meta property=\"og:type\" content=\"article\" \/>\n<meta property=\"og:title\" content=\"Mayumi Sakamoto Lecci\u00f3n n\u00famero 3. Battement tendu, primera parte. - WorldBalletClass\" \/>\n<meta property=\"og:description\" content=\"Explicaci\u00f3n detallada de la ejecuci\u00f3n correcta y secuencia del battement tendu en primera fase frente a la barra,\u00a0 y en segunda fase con una mano en la barra en en I y V posici\u00f3n respectivamente. Explicaci\u00f3n y ejecuci\u00f3n del movimiento de forma simple y repetitiva.Combinaci\u00f3n de los movimientos estudiados.\" \/>\n<meta property=\"og:url\" content=\"https:\/\/worldballetclass.com\/master-classes\/mayumi-sakamoto-battement-tendu-primera-parte\/\" \/>\n<meta property=\"og:site_name\" content=\"WorldBalletClass\" \/>\n<meta property=\"article:publisher\" content=\"https:\/\/www.facebook.com\/WorldBalletClass\/\" \/>\n<meta property=\"article:modified_time\" content=\"2021-03-09T08:24:29+00:00\" \/>\n<meta property=\"og:image\" content=\"https:\/\/worldballetclass.com\/wp-content\/uploads\/2020\/07\/\u041c\u0430\u044e\u043c\u0438-3.jpg\" \/>\n\t<meta property=\"og:image:width\" content=\"1000\" \/>\n\t<meta property=\"og:image:height\" content=\"1000\" \/>\n\t<meta property=\"og:image:type\" content=\"image\/jpeg\" \/>\n<meta name=\"twitter:card\" content=\"summary_large_image\" \/>\n<script type=\"application\/ld+json\" class=\"yoast-schema-graph\">{\"@context\":\"https:\/\/schema.org\",\"@graph\":[{\"@type\":\"WebPage\",\"@id\":\"https:\/\/worldballetclass.com\/master-classes\/mayumi-sakamoto-battement-tendu-primera-parte\/\",\"url\":\"https:\/\/worldballetclass.com\/master-classes\/mayumi-sakamoto-battement-tendu-primera-parte\/\",\"name\":\"Mayumi Sakamoto Lecci\u00f3n n\u00famero 3. Battement tendu, primera parte. - WorldBalletClass\",\"isPartOf\":{\"@id\":\"https:\/\/worldballetclass.com\/#website\"},\"primaryImageOfPage\":{\"@id\":\"https:\/\/worldballetclass.com\/master-classes\/mayumi-sakamoto-battement-tendu-primera-parte\/#primaryimage\"},\"image\":{\"@id\":\"https:\/\/worldballetclass.com\/master-classes\/mayumi-sakamoto-battement-tendu-primera-parte\/#primaryimage\"},\"thumbnailUrl\":\"https:\/\/worldballetclass.com\/wp-content\/uploads\/2020\/07\/\u041c\u0430\u044e\u043c\u0438-3.jpg\",\"datePublished\":\"2020-07-28T22:35:23+00:00\",\"dateModified\":\"2021-03-09T08:24:29+00:00\",\"breadcrumb\":{\"@id\":\"https:\/\/worldballetclass.com\/master-classes\/mayumi-sakamoto-battement-tendu-primera-parte\/#breadcrumb\"},\"inLanguage\":\"ja\",\"potentialAction\":[{\"@type\":\"ReadAction\",\"target\":[\"https:\/\/worldballetclass.com\/master-classes\/mayumi-sakamoto-battement-tendu-primera-parte\/\"]}]},{\"@type\":\"ImageObject\",\"inLanguage\":\"ja\",\"@id\":\"https:\/\/worldballetclass.com\/master-classes\/mayumi-sakamoto-battement-tendu-primera-parte\/#primaryimage\",\"url\":\"https:\/\/worldballetclass.com\/wp-content\/uploads\/2020\/07\/\u041c\u0430\u044e\u043c\u0438-3.jpg\",\"contentUrl\":\"https:\/\/worldballetclass.com\/wp-content\/uploads\/2020\/07\/\u041c\u0430\u044e\u043c\u0438-3.jpg\",\"width\":1000,\"height\":1000},{\"@type\":\"BreadcrumbList\",\"@id\":\"https:\/\/worldballetclass.com\/master-classes\/mayumi-sakamoto-battement-tendu-primera-parte\/#breadcrumb\",\"itemListElement\":[{\"@type\":\"ListItem\",\"position\":1,\"name\":\"Master-Classes\",\"item\":\"https:\/\/worldballetclass.com\/master-classes\/\"},{\"@type\":\"ListItem\",\"position\":2,\"name\":\"Beginner\",\"item\":\"https:\/\/worldballetclass.com\/product-tag\/beginner\/\"},{\"@type\":\"ListItem\",\"position\":3,\"name\":\"Mayumi Sakamoto Lecci\u00f3n n\u00famero 3. Battement tendu, primera parte.\"}]},{\"@type\":\"WebSite\",\"@id\":\"https:\/\/worldballetclass.com\/#website\",\"url\":\"https:\/\/worldballetclass.com\/\",\"name\":\"WorldBalletClass\",\"description\":\"abhte115\",\"publisher\":{\"@id\":\"https:\/\/worldballetclass.com\/#organization\"},\"potentialAction\":[{\"@type\":\"SearchAction\",\"target\":{\"@type\":\"EntryPoint\",\"urlTemplate\":\"https:\/\/worldballetclass.com\/?s={search_term_string}\"},\"query-input\":{\"@type\":\"PropertyValueSpecification\",\"valueRequired\":true,\"valueName\":\"search_term_string\"}}],\"inLanguage\":\"ja\"},{\"@type\":\"Organization\",\"@id\":\"https:\/\/worldballetclass.com\/#organization\",\"name\":\"WorldBalletClass\",\"url\":\"https:\/\/worldballetclass.com\/\",\"logo\":{\"@type\":\"ImageObject\",\"inLanguage\":\"ja\",\"@id\":\"https:\/\/worldballetclass.com\/#\/schema\/logo\/image\/\",\"url\":\"https:\/\/worldballetclass.com\/wp-content\/uploads\/2020\/04\/logo-06.png\",\"contentUrl\":\"https:\/\/worldballetclass.com\/wp-content\/uploads\/2020\/04\/logo-06.png\",\"width\":278,\"height\":27,\"caption\":\"WorldBalletClass\"},\"image\":{\"@id\":\"https:\/\/worldballetclass.com\/#\/schema\/logo\/image\/\"},\"sameAs\":[\"https:\/\/www.facebook.com\/WorldBalletClass\/\",\"https:\/\/www.instagram.com\/worldballetclass\/\",\"https:\/\/www.youtube.com\/channel\/UCNmPoQTLIlWsjWJypfXP3Zw\/\"]}]}<\/script>\n<!-- \/ Yoast SEO plugin. -->","yoast_head_json":{"title":"Mayumi Sakamoto Lecci\u00f3n n\u00famero 3. Battement tendu, primera parte. - WorldBalletClass","robots":{"index":"index","follow":"follow","max-snippet":"max-snippet:-1","max-image-preview":"max-image-preview:large","max-video-preview":"max-video-preview:-1"},"canonical":"https:\/\/worldballetclass.com\/master-classes\/mayumi-sakamoto-battement-tendu-primera-parte\/","og_locale":"ja_JP","og_type":"article","og_title":"Mayumi Sakamoto Lecci\u00f3n n\u00famero 3. Battement tendu, primera parte. - WorldBalletClass","og_description":"Explicaci\u00f3n detallada de la ejecuci\u00f3n correcta y secuencia del battement tendu en primera fase frente a la barra,\u00a0 y en segunda fase con una mano en la barra en en I y V posici\u00f3n respectivamente. Explicaci\u00f3n y ejecuci\u00f3n del movimiento de forma simple y repetitiva.Combinaci\u00f3n de los movimientos estudiados.","og_url":"https:\/\/worldballetclass.com\/master-classes\/mayumi-sakamoto-battement-tendu-primera-parte\/","og_site_name":"WorldBalletClass","article_publisher":"https:\/\/www.facebook.com\/WorldBalletClass\/","article_modified_time":"2021-03-09T08:24:29+00:00","og_image":[{"width":1000,"height":1000,"url":"https:\/\/worldballetclass.com\/wp-content\/uploads\/2020\/07\/\u041c\u0430\u044e\u043c\u0438-3.jpg","type":"image\/jpeg"}],"twitter_card":"summary_large_image","schema":{"@context":"https:\/\/schema.org","@graph":[{"@type":"WebPage","@id":"https:\/\/worldballetclass.com\/master-classes\/mayumi-sakamoto-battement-tendu-primera-parte\/","url":"https:\/\/worldballetclass.com\/master-classes\/mayumi-sakamoto-battement-tendu-primera-parte\/","name":"Mayumi Sakamoto Lecci\u00f3n n\u00famero 3. Battement tendu, primera parte. - WorldBalletClass","isPartOf":{"@id":"https:\/\/worldballetclass.com\/#website"},"primaryImageOfPage":{"@id":"https:\/\/worldballetclass.com\/master-classes\/mayumi-sakamoto-battement-tendu-primera-parte\/#primaryimage"},"image":{"@id":"https:\/\/worldballetclass.com\/master-classes\/mayumi-sakamoto-battement-tendu-primera-parte\/#primaryimage"},"thumbnailUrl":"https:\/\/worldballetclass.com\/wp-content\/uploads\/2020\/07\/\u041c\u0430\u044e\u043c\u0438-3.jpg","datePublished":"2020-07-28T22:35:23+00:00","dateModified":"2021-03-09T08:24:29+00:00","breadcrumb":{"@id":"https:\/\/worldballetclass.com\/master-classes\/mayumi-sakamoto-battement-tendu-primera-parte\/#breadcrumb"},"inLanguage":"ja","potentialAction":[{"@type":"ReadAction","target":["https:\/\/worldballetclass.com\/master-classes\/mayumi-sakamoto-battement-tendu-primera-parte\/"]}]},{"@type":"ImageObject","inLanguage":"ja","@id":"https:\/\/worldballetclass.com\/master-classes\/mayumi-sakamoto-battement-tendu-primera-parte\/#primaryimage","url":"https:\/\/worldballetclass.com\/wp-content\/uploads\/2020\/07\/\u041c\u0430\u044e\u043c\u0438-3.jpg","contentUrl":"https:\/\/worldballetclass.com\/wp-content\/uploads\/2020\/07\/\u041c\u0430\u044e\u043c\u0438-3.jpg","width":1000,"height":1000},{"@type":"BreadcrumbList","@id":"https:\/\/worldballetclass.com\/master-classes\/mayumi-sakamoto-battement-tendu-primera-parte\/#breadcrumb","itemListElement":[{"@type":"ListItem","position":1,"name":"Master-Classes","item":"https:\/\/worldballetclass.com\/master-classes\/"},{"@type":"ListItem","position":2,"name":"Beginner","item":"https:\/\/worldballetclass.com\/product-tag\/beginner\/"},{"@type":"ListItem","position":3,"name":"Mayumi Sakamoto Lecci\u00f3n n\u00famero 3. Battement tendu, primera parte."}]},{"@type":"WebSite","@id":"https:\/\/worldballetclass.com\/#website","url":"https:\/\/worldballetclass.com\/","name":"WorldBalletClass","description":"abhte115","publisher":{"@id":"https:\/\/worldballetclass.com\/#organization"},"potentialAction":[{"@type":"SearchAction","target":{"@type":"EntryPoint","urlTemplate":"https:\/\/worldballetclass.com\/?s={search_term_string}"},"query-input":{"@type":"PropertyValueSpecification","valueRequired":true,"valueName":"search_term_string"}}],"inLanguage":"ja"},{"@type":"Organization","@id":"https:\/\/worldballetclass.com\/#organization","name":"WorldBalletClass","url":"https:\/\/worldballetclass.com\/","logo":{"@type":"ImageObject","inLanguage":"ja","@id":"https:\/\/worldballetclass.com\/#\/schema\/logo\/image\/","url":"https:\/\/worldballetclass.com\/wp-content\/uploads\/2020\/04\/logo-06.png","contentUrl":"https:\/\/worldballetclass.com\/wp-content\/uploads\/2020\/04\/logo-06.png","width":278,"height":27,"caption":"WorldBalletClass"},"image":{"@id":"https:\/\/worldballetclass.com\/#\/schema\/logo\/image\/"},"sameAs":["https:\/\/www.facebook.com\/WorldBalletClass\/","https:\/\/www.instagram.com\/worldballetclass\/","https:\/\/www.youtube.com\/channel\/UCNmPoQTLIlWsjWJypfXP3Zw\/"]}]}},"_links":{"self":[{"href":"https:\/\/worldballetclass.com\/ja\/wp-json\/wp\/v2\/product\/2896","targetHints":{"allow":["GET"]}}],"collection":[{"href":"https:\/\/worldballetclass.com\/ja\/wp-json\/wp\/v2\/product"}],"about":[{"href":"https:\/\/worldballetclass.com\/ja\/wp-json\/wp\/v2\/types\/product"}],"replies":[{"embeddable":true,"href":"https:\/\/worldballetclass.com\/ja\/wp-json\/wp\/v2\/comments?post=2896"}],"version-history":[{"count":3,"href":"https:\/\/worldballetclass.com\/ja\/wp-json\/wp\/v2\/product\/2896\/revisions"}],"predecessor-version":[{"id":2901,"href":"https:\/\/worldballetclass.com\/ja\/wp-json\/wp\/v2\/product\/2896\/revisions\/2901"}],"wp:featuredmedia":[{"embeddable":true,"href":"https:\/\/worldballetclass.com\/ja\/wp-json\/wp\/v2\/media\/2897"}],"wp:attachment":[{"href":"https:\/\/worldballetclass.com\/ja\/wp-json\/wp\/v2\/media?parent=2896"}],"wp:term":[{"taxonomy":"product_brand","embeddable":true,"href":"https:\/\/worldballetclass.com\/ja\/wp-json\/wp\/v2\/product_brand?post=2896"},{"taxonomy":"product_cat","embeddable":true,"href":"https:\/\/worldballetclass.com\/ja\/wp-json\/wp\/v2\/product_cat?post=2896"},{"taxonomy":"product_tag","embeddable":true,"href":"https:\/\/worldballetclass.com\/ja\/wp-json\/wp\/v2\/product_tag?post=2896"}],"curies":[{"name":"wp","href":"https:\/\/api.w.org\/{rel}","templated":true}]}}