{"id":4036,"date":"2020-09-04T18:27:09","date_gmt":"2020-09-04T16:27:09","guid":{"rendered":"https:\/\/worldballetclass.com\/?post_type=product&#038;p=4036"},"modified":"2021-03-09T11:21:16","modified_gmt":"2021-03-09T08:21:16","slug":"mayumi-sakamoto-leccion-numero-5-port-de-bras-la-belleza-de-los-brazos-de-la-escuela-rusa-part-2","status":"publish","type":"product","link":"https:\/\/worldballetclass.com\/ja\/master-classes\/mayumi-sakamoto-leccion-numero-5-port-de-bras-la-belleza-de-los-brazos-de-la-escuela-rusa-part-2\/","title":{"rendered":"Mayumi Sakamoto <BR>Lecci\u00f3n n\u00famero 5. Port De Bras &#8211;  La Belleza De Los Brazos De La Escuela Rusa Part 2"},"content":{"rendered":"<p>El port de bras es una parte dif\u00edcil de la danza, que ex\u00edge el mayor trabajo y cuidado.Los brazos se educan con ejercicios especiales. Un perfecto\u00a0 comportamiento de los brazos otorga un aspecto art\u00edstico y armoniozo a la danza, en coordinaci\u00f3n con la cabeza que le da el punto final, imprime la belleza del movimiento junto con la mirada. En el port de bras la mano entra en el movimiento\u00a0 y le da todo el colorido. Es aqu\u00ed donde empieza la educaci\u00f3n, el dominio y el perfecto manejo de la cabeza pues de esta depende\u00a0 el mat\u00edz del movimiento. Los port de bras son diferentes y m\u00faltiples.<\/p>\n<p><em><span style=\"font-weight: 400;\">Es mejor estudiar todas las lecciones de forma secuencial, entonces recibir\u00e1 tanto conocimiento con m\u00e1ximo placer. Dado que la t\u00e9cnica rusa del ballet cl\u00e1sico es un estudio consistente lo que es muy importante en el ballet<\/span><\/em><\/p>\n","protected":false},"excerpt":{"rendered":"<p>La lecci\u00f3n presenta seis port de bras del sistema Vaganova que te ayudar\u00e1n a desarrollar la coordinaci\u00f3n entre los brazos y la cabeza, adem\u00e1s de mejorar tu estiramiento y flexibilidad. La Master Class consta de dos partes. Para obtener los mejores resultados, se recomienda ver las dos partes consecutivamente.<\/p>\n<p>&nbsp;<\/p>\n","protected":false},"featured_media":4037,"comment_status":"open","ping_status":"closed","template":"","meta":{"site-sidebar-layout":"default","site-content-layout":"default","ast-site-content-layout":"default","site-content-style":"default","site-sidebar-style":"default","ast-global-header-display":"","ast-banner-title-visibility":"","ast-main-header-display":"","ast-hfb-above-header-display":"","ast-hfb-below-header-display":"","ast-hfb-mobile-header-display":"","site-post-title":"","ast-breadcrumbs-content":"","ast-featured-img":"","footer-sml-layout":"","theme-transparent-header-meta":"default","adv-header-id-meta":"","stick-header-meta":"","header-above-stick-meta":"","header-main-stick-meta":"","header-below-stick-meta":"","astra-migrate-meta-layouts":"default","ast-page-background-enabled":"default","ast-page-background-meta":{"desktop":{"background-color":"","background-image":"","background-repeat":"repeat","background-position":"center center","background-size":"auto","background-attachment":"scroll","background-type":"","background-media":"","overlay-type":"","overlay-color":"","overlay-opacity":"","overlay-gradient":""},"tablet":{"background-color":"","background-image":"","background-repeat":"repeat","background-position":"center center","background-size":"auto","background-attachment":"scroll","background-type":"","background-media":"","overlay-type":"","overlay-color":"","overlay-opacity":"","overlay-gradient":""},"mobile":{"background-color":"","background-image":"","background-repeat":"repeat","background-position":"center center","background-size":"auto","background-attachment":"scroll","background-type":"","background-media":"","overlay-type":"","overlay-color":"","overlay-opacity":"","overlay-gradient":""}},"ast-content-background-meta":{"desktop":{"background-color":"var(--ast-global-color-5)","background-image":"","background-repeat":"repeat","background-position":"center center","background-size":"auto","background-attachment":"scroll","background-type":"","background-media":"","overlay-type":"","overlay-color":"","overlay-opacity":"","overlay-gradient":""},"tablet":{"background-color":"var(--ast-global-color-5)","background-image":"","background-repeat":"repeat","background-position":"center center","background-size":"auto","background-attachment":"scroll","background-type":"","background-media":"","overlay-type":"","overlay-color":"","overlay-opacity":"","overlay-gradient":""},"mobile":{"background-color":"var(--ast-global-color-5)","background-image":"","background-repeat":"repeat","background-position":"center center","background-size":"auto","background-attachment":"scroll","background-type":"","background-media":"","overlay-type":"","overlay-color":"","overlay-opacity":"","overlay-gradient":""}}},"product_brand":[],"product_cat":[116],"product_tag":[50,52,138,172],"class_list":{"0":"post-4036","1":"product","2":"type-product","3":"status-publish","4":"has-post-thumbnail","6":"product_cat-mayumi-sakamoto","7":"product_tag-beginner","8":"product_tag-for-children","9":"product_tag-vaganova-method","10":"product_tag-espanol","11":"desktop-align-left","12":"tablet-align-left","13":"mobile-align-left","15":"first","16":"instock","17":"virtual","18":"sold-individually","19":"purchasable","20":"product-type-simple"},"yoast_head":"<!-- This site is optimized with the Yoast SEO plugin v25.3.1 - https:\/\/yoast.com\/wordpress\/plugins\/seo\/ -->\n<title>Mayumi Sakamoto Lecci\u00f3n n\u00famero 5. Port De Bras - La Belleza De Los Brazos De La Escuela Rusa Part 2 - WorldBalletClass<\/title>\n<meta name=\"robots\" content=\"index, follow, max-snippet:-1, max-image-preview:large, max-video-preview:-1\" \/>\n<link rel=\"canonical\" href=\"https:\/\/worldballetclass.com\/master-classes\/mayumi-sakamoto-leccion-numero-5-port-de-bras-la-belleza-de-los-brazos-de-la-escuela-rusa-part-2\/\" \/>\n<meta property=\"og:locale\" content=\"ja_JP\" \/>\n<meta property=\"og:type\" content=\"article\" \/>\n<meta property=\"og:title\" content=\"Mayumi Sakamoto Lecci\u00f3n n\u00famero 5. Port De Bras - La Belleza De Los Brazos De La Escuela Rusa Part 2 - WorldBalletClass\" \/>\n<meta property=\"og:description\" content=\"La lecci\u00f3n presenta seis port de bras del sistema Vaganova que te ayudar\u00e1n a desarrollar la coordinaci\u00f3n entre los brazos y la cabeza, adem\u00e1s de mejorar tu estiramiento y flexibilidad. La Master Class consta de dos partes. Para obtener los mejores resultados, se recomienda ver las dos partes consecutivamente.  &nbsp;\" \/>\n<meta property=\"og:url\" content=\"https:\/\/worldballetclass.com\/master-classes\/mayumi-sakamoto-leccion-numero-5-port-de-bras-la-belleza-de-los-brazos-de-la-escuela-rusa-part-2\/\" \/>\n<meta property=\"og:site_name\" content=\"WorldBalletClass\" \/>\n<meta property=\"article:publisher\" content=\"https:\/\/www.facebook.com\/WorldBalletClass\/\" \/>\n<meta property=\"article:modified_time\" content=\"2021-03-09T08:21:16+00:00\" \/>\n<meta property=\"og:image\" content=\"https:\/\/worldballetclass.com\/wp-content\/uploads\/2020\/09\/Mayumi-Lesson-6-2-3-\u0447\u0430\u0441\u0442\u044c.jpg\" \/>\n\t<meta property=\"og:image:width\" content=\"1000\" \/>\n\t<meta property=\"og:image:height\" content=\"1000\" \/>\n\t<meta property=\"og:image:type\" content=\"image\/jpeg\" \/>\n<meta name=\"twitter:card\" content=\"summary_large_image\" \/>\n<meta name=\"twitter:label1\" content=\"\u63a8\u5b9a\u8aad\u307f\u53d6\u308a\u6642\u9593\" \/>\n\t<meta name=\"twitter:data1\" content=\"1\u5206\" \/>\n<script type=\"application\/ld+json\" class=\"yoast-schema-graph\">{\"@context\":\"https:\/\/schema.org\",\"@graph\":[{\"@type\":\"WebPage\",\"@id\":\"https:\/\/worldballetclass.com\/master-classes\/mayumi-sakamoto-leccion-numero-5-port-de-bras-la-belleza-de-los-brazos-de-la-escuela-rusa-part-2\/\",\"url\":\"https:\/\/worldballetclass.com\/master-classes\/mayumi-sakamoto-leccion-numero-5-port-de-bras-la-belleza-de-los-brazos-de-la-escuela-rusa-part-2\/\",\"name\":\"Mayumi Sakamoto Lecci\u00f3n n\u00famero 5. Port De Bras - La Belleza De Los Brazos De La Escuela Rusa Part 2 - WorldBalletClass\",\"isPartOf\":{\"@id\":\"https:\/\/worldballetclass.com\/#website\"},\"primaryImageOfPage\":{\"@id\":\"https:\/\/worldballetclass.com\/master-classes\/mayumi-sakamoto-leccion-numero-5-port-de-bras-la-belleza-de-los-brazos-de-la-escuela-rusa-part-2\/#primaryimage\"},\"image\":{\"@id\":\"https:\/\/worldballetclass.com\/master-classes\/mayumi-sakamoto-leccion-numero-5-port-de-bras-la-belleza-de-los-brazos-de-la-escuela-rusa-part-2\/#primaryimage\"},\"thumbnailUrl\":\"https:\/\/worldballetclass.com\/wp-content\/uploads\/2020\/09\/Mayumi-Lesson-6-2-3-\u0447\u0430\u0441\u0442\u044c.jpg\",\"datePublished\":\"2020-09-04T16:27:09+00:00\",\"dateModified\":\"2021-03-09T08:21:16+00:00\",\"breadcrumb\":{\"@id\":\"https:\/\/worldballetclass.com\/master-classes\/mayumi-sakamoto-leccion-numero-5-port-de-bras-la-belleza-de-los-brazos-de-la-escuela-rusa-part-2\/#breadcrumb\"},\"inLanguage\":\"ja\",\"potentialAction\":[{\"@type\":\"ReadAction\",\"target\":[\"https:\/\/worldballetclass.com\/master-classes\/mayumi-sakamoto-leccion-numero-5-port-de-bras-la-belleza-de-los-brazos-de-la-escuela-rusa-part-2\/\"]}]},{\"@type\":\"ImageObject\",\"inLanguage\":\"ja\",\"@id\":\"https:\/\/worldballetclass.com\/master-classes\/mayumi-sakamoto-leccion-numero-5-port-de-bras-la-belleza-de-los-brazos-de-la-escuela-rusa-part-2\/#primaryimage\",\"url\":\"https:\/\/worldballetclass.com\/wp-content\/uploads\/2020\/09\/Mayumi-Lesson-6-2-3-\u0447\u0430\u0441\u0442\u044c.jpg\",\"contentUrl\":\"https:\/\/worldballetclass.com\/wp-content\/uploads\/2020\/09\/Mayumi-Lesson-6-2-3-\u0447\u0430\u0441\u0442\u044c.jpg\",\"width\":1000,\"height\":1000},{\"@type\":\"BreadcrumbList\",\"@id\":\"https:\/\/worldballetclass.com\/master-classes\/mayumi-sakamoto-leccion-numero-5-port-de-bras-la-belleza-de-los-brazos-de-la-escuela-rusa-part-2\/#breadcrumb\",\"itemListElement\":[{\"@type\":\"ListItem\",\"position\":1,\"name\":\"Master-Classes\",\"item\":\"https:\/\/worldballetclass.com\/master-classes\/\"},{\"@type\":\"ListItem\",\"position\":2,\"name\":\"Beginner\",\"item\":\"https:\/\/worldballetclass.com\/product-tag\/beginner\/\"},{\"@type\":\"ListItem\",\"position\":3,\"name\":\"Mayumi Sakamoto Lecci\u00f3n n\u00famero 5. Port De Bras &#8211; La Belleza De Los Brazos De La Escuela Rusa Part 2\"}]},{\"@type\":\"WebSite\",\"@id\":\"https:\/\/worldballetclass.com\/#website\",\"url\":\"https:\/\/worldballetclass.com\/\",\"name\":\"WorldBalletClass\",\"description\":\"abhte115\",\"publisher\":{\"@id\":\"https:\/\/worldballetclass.com\/#organization\"},\"potentialAction\":[{\"@type\":\"SearchAction\",\"target\":{\"@type\":\"EntryPoint\",\"urlTemplate\":\"https:\/\/worldballetclass.com\/?s={search_term_string}\"},\"query-input\":{\"@type\":\"PropertyValueSpecification\",\"valueRequired\":true,\"valueName\":\"search_term_string\"}}],\"inLanguage\":\"ja\"},{\"@type\":\"Organization\",\"@id\":\"https:\/\/worldballetclass.com\/#organization\",\"name\":\"WorldBalletClass\",\"url\":\"https:\/\/worldballetclass.com\/\",\"logo\":{\"@type\":\"ImageObject\",\"inLanguage\":\"ja\",\"@id\":\"https:\/\/worldballetclass.com\/#\/schema\/logo\/image\/\",\"url\":\"https:\/\/worldballetclass.com\/wp-content\/uploads\/2020\/04\/logo-06.png\",\"contentUrl\":\"https:\/\/worldballetclass.com\/wp-content\/uploads\/2020\/04\/logo-06.png\",\"width\":278,\"height\":27,\"caption\":\"WorldBalletClass\"},\"image\":{\"@id\":\"https:\/\/worldballetclass.com\/#\/schema\/logo\/image\/\"},\"sameAs\":[\"https:\/\/www.facebook.com\/WorldBalletClass\/\",\"https:\/\/www.instagram.com\/worldballetclass\/\",\"https:\/\/www.youtube.com\/channel\/UCNmPoQTLIlWsjWJypfXP3Zw\/\"]}]}<\/script>\n<!-- \/ Yoast SEO plugin. -->","yoast_head_json":{"title":"Mayumi Sakamoto Lecci\u00f3n n\u00famero 5. Port De Bras - La Belleza De Los Brazos De La Escuela Rusa Part 2 - WorldBalletClass","robots":{"index":"index","follow":"follow","max-snippet":"max-snippet:-1","max-image-preview":"max-image-preview:large","max-video-preview":"max-video-preview:-1"},"canonical":"https:\/\/worldballetclass.com\/master-classes\/mayumi-sakamoto-leccion-numero-5-port-de-bras-la-belleza-de-los-brazos-de-la-escuela-rusa-part-2\/","og_locale":"ja_JP","og_type":"article","og_title":"Mayumi Sakamoto Lecci\u00f3n n\u00famero 5. Port De Bras - La Belleza De Los Brazos De La Escuela Rusa Part 2 - WorldBalletClass","og_description":"La lecci\u00f3n presenta seis port de bras del sistema Vaganova que te ayudar\u00e1n a desarrollar la coordinaci\u00f3n entre los brazos y la cabeza, adem\u00e1s de mejorar tu estiramiento y flexibilidad. La Master Class consta de dos partes. Para obtener los mejores resultados, se recomienda ver las dos partes consecutivamente.  &nbsp;","og_url":"https:\/\/worldballetclass.com\/master-classes\/mayumi-sakamoto-leccion-numero-5-port-de-bras-la-belleza-de-los-brazos-de-la-escuela-rusa-part-2\/","og_site_name":"WorldBalletClass","article_publisher":"https:\/\/www.facebook.com\/WorldBalletClass\/","article_modified_time":"2021-03-09T08:21:16+00:00","og_image":[{"width":1000,"height":1000,"url":"https:\/\/worldballetclass.com\/wp-content\/uploads\/2020\/09\/Mayumi-Lesson-6-2-3-\u0447\u0430\u0441\u0442\u044c.jpg","type":"image\/jpeg"}],"twitter_card":"summary_large_image","twitter_misc":{"\u63a8\u5b9a\u8aad\u307f\u53d6\u308a\u6642\u9593":"1\u5206"},"schema":{"@context":"https:\/\/schema.org","@graph":[{"@type":"WebPage","@id":"https:\/\/worldballetclass.com\/master-classes\/mayumi-sakamoto-leccion-numero-5-port-de-bras-la-belleza-de-los-brazos-de-la-escuela-rusa-part-2\/","url":"https:\/\/worldballetclass.com\/master-classes\/mayumi-sakamoto-leccion-numero-5-port-de-bras-la-belleza-de-los-brazos-de-la-escuela-rusa-part-2\/","name":"Mayumi Sakamoto Lecci\u00f3n n\u00famero 5. Port De Bras - La Belleza De Los Brazos De La Escuela Rusa Part 2 - WorldBalletClass","isPartOf":{"@id":"https:\/\/worldballetclass.com\/#website"},"primaryImageOfPage":{"@id":"https:\/\/worldballetclass.com\/master-classes\/mayumi-sakamoto-leccion-numero-5-port-de-bras-la-belleza-de-los-brazos-de-la-escuela-rusa-part-2\/#primaryimage"},"image":{"@id":"https:\/\/worldballetclass.com\/master-classes\/mayumi-sakamoto-leccion-numero-5-port-de-bras-la-belleza-de-los-brazos-de-la-escuela-rusa-part-2\/#primaryimage"},"thumbnailUrl":"https:\/\/worldballetclass.com\/wp-content\/uploads\/2020\/09\/Mayumi-Lesson-6-2-3-\u0447\u0430\u0441\u0442\u044c.jpg","datePublished":"2020-09-04T16:27:09+00:00","dateModified":"2021-03-09T08:21:16+00:00","breadcrumb":{"@id":"https:\/\/worldballetclass.com\/master-classes\/mayumi-sakamoto-leccion-numero-5-port-de-bras-la-belleza-de-los-brazos-de-la-escuela-rusa-part-2\/#breadcrumb"},"inLanguage":"ja","potentialAction":[{"@type":"ReadAction","target":["https:\/\/worldballetclass.com\/master-classes\/mayumi-sakamoto-leccion-numero-5-port-de-bras-la-belleza-de-los-brazos-de-la-escuela-rusa-part-2\/"]}]},{"@type":"ImageObject","inLanguage":"ja","@id":"https:\/\/worldballetclass.com\/master-classes\/mayumi-sakamoto-leccion-numero-5-port-de-bras-la-belleza-de-los-brazos-de-la-escuela-rusa-part-2\/#primaryimage","url":"https:\/\/worldballetclass.com\/wp-content\/uploads\/2020\/09\/Mayumi-Lesson-6-2-3-\u0447\u0430\u0441\u0442\u044c.jpg","contentUrl":"https:\/\/worldballetclass.com\/wp-content\/uploads\/2020\/09\/Mayumi-Lesson-6-2-3-\u0447\u0430\u0441\u0442\u044c.jpg","width":1000,"height":1000},{"@type":"BreadcrumbList","@id":"https:\/\/worldballetclass.com\/master-classes\/mayumi-sakamoto-leccion-numero-5-port-de-bras-la-belleza-de-los-brazos-de-la-escuela-rusa-part-2\/#breadcrumb","itemListElement":[{"@type":"ListItem","position":1,"name":"Master-Classes","item":"https:\/\/worldballetclass.com\/master-classes\/"},{"@type":"ListItem","position":2,"name":"Beginner","item":"https:\/\/worldballetclass.com\/product-tag\/beginner\/"},{"@type":"ListItem","position":3,"name":"Mayumi Sakamoto Lecci\u00f3n n\u00famero 5. Port De Bras &#8211; La Belleza De Los Brazos De La Escuela Rusa Part 2"}]},{"@type":"WebSite","@id":"https:\/\/worldballetclass.com\/#website","url":"https:\/\/worldballetclass.com\/","name":"WorldBalletClass","description":"abhte115","publisher":{"@id":"https:\/\/worldballetclass.com\/#organization"},"potentialAction":[{"@type":"SearchAction","target":{"@type":"EntryPoint","urlTemplate":"https:\/\/worldballetclass.com\/?s={search_term_string}"},"query-input":{"@type":"PropertyValueSpecification","valueRequired":true,"valueName":"search_term_string"}}],"inLanguage":"ja"},{"@type":"Organization","@id":"https:\/\/worldballetclass.com\/#organization","name":"WorldBalletClass","url":"https:\/\/worldballetclass.com\/","logo":{"@type":"ImageObject","inLanguage":"ja","@id":"https:\/\/worldballetclass.com\/#\/schema\/logo\/image\/","url":"https:\/\/worldballetclass.com\/wp-content\/uploads\/2020\/04\/logo-06.png","contentUrl":"https:\/\/worldballetclass.com\/wp-content\/uploads\/2020\/04\/logo-06.png","width":278,"height":27,"caption":"WorldBalletClass"},"image":{"@id":"https:\/\/worldballetclass.com\/#\/schema\/logo\/image\/"},"sameAs":["https:\/\/www.facebook.com\/WorldBalletClass\/","https:\/\/www.instagram.com\/worldballetclass\/","https:\/\/www.youtube.com\/channel\/UCNmPoQTLIlWsjWJypfXP3Zw\/"]}]}},"_links":{"self":[{"href":"https:\/\/worldballetclass.com\/ja\/wp-json\/wp\/v2\/product\/4036","targetHints":{"allow":["GET"]}}],"collection":[{"href":"https:\/\/worldballetclass.com\/ja\/wp-json\/wp\/v2\/product"}],"about":[{"href":"https:\/\/worldballetclass.com\/ja\/wp-json\/wp\/v2\/types\/product"}],"replies":[{"embeddable":true,"href":"https:\/\/worldballetclass.com\/ja\/wp-json\/wp\/v2\/comments?post=4036"}],"version-history":[{"count":1,"href":"https:\/\/worldballetclass.com\/ja\/wp-json\/wp\/v2\/product\/4036\/revisions"}],"predecessor-version":[{"id":5679,"href":"https:\/\/worldballetclass.com\/ja\/wp-json\/wp\/v2\/product\/4036\/revisions\/5679"}],"wp:featuredmedia":[{"embeddable":true,"href":"https:\/\/worldballetclass.com\/ja\/wp-json\/wp\/v2\/media\/4037"}],"wp:attachment":[{"href":"https:\/\/worldballetclass.com\/ja\/wp-json\/wp\/v2\/media?parent=4036"}],"wp:term":[{"taxonomy":"product_brand","embeddable":true,"href":"https:\/\/worldballetclass.com\/ja\/wp-json\/wp\/v2\/product_brand?post=4036"},{"taxonomy":"product_cat","embeddable":true,"href":"https:\/\/worldballetclass.com\/ja\/wp-json\/wp\/v2\/product_cat?post=4036"},{"taxonomy":"product_tag","embeddable":true,"href":"https:\/\/worldballetclass.com\/ja\/wp-json\/wp\/v2\/product_tag?post=4036"}],"curies":[{"name":"wp","href":"https:\/\/api.w.org\/{rel}","templated":true}]}}