{"id":4686,"date":"2020-11-10T03:16:19","date_gmt":"2020-11-10T00:16:19","guid":{"rendered":"https:\/\/worldballetclass.com\/?post_type=product&#038;p=4686"},"modified":"2021-01-17T18:49:54","modified_gmt":"2021-01-17T15:49:54","slug":"victor-litvinov-class-2-center","status":"publish","type":"product","link":"https:\/\/worldballetclass.com\/ja\/master-classes\/victor-litvinov-class-2-center\/","title":{"rendered":"Victor Litvinov class 2 Center"},"content":{"rendered":"<p><b>The most famous dancers from different countries took classes with Victor Litvinov, the most famous dancers in the world and theater directors speak about the classes.<\/b><span style=\"font-weight: 400;\">\u00a0<\/span><\/p>\n<p><span style=\"font-weight: 400;\">A few words only from Carla Fracci ( World famous ballerina, she danced with partners such as Rudolf Nureyev, Vladimir Vasiliev, Henning Kronstam, Mikhail Baryshnikov, Alexander Godunov, Gheorghe Iancu, Giuseppe Picone, Roberto Bolle, and Erik Bruhn from 1996 to 1997 she directed Verona Arena Ballet Company. From November 2000 she directed the Teatro Dell\u2019Opera di Roma Ballet Company, where she continued until 2010):<\/span><\/p>\n<p><span style=\"font-weight: 400;\">\u201c I recommend Victor Litvinov especially as an excellent ballet master and teacher of classical ballet. His great professionalism, reliability, discipline, and above all, his enthusiasm, allowed a great improvement of the ballet technique\u201d\u00a0<\/span><\/p>\n<p><b>Learn from the best! Get better every day!<\/b><\/p>\n<p><b>Love ballet and the whole world will enjoy your dance!<\/b><\/p>\n<p>0 -Presentazione<\/p>\n<p>ESERCIZIO 6 (temps li\u00e9, adagio)<\/p>\n<p>ESERCIZIO 7 (battment tendu)<\/p>\n<p>ESERCIZIO 8 (battment fondu, balanc\u00e9)<\/p>\n<p>ESERCIZIO 9 (pirouette)<\/p>\n<p>ESERCIZIO 10 (fouett\u00e9)<\/p>\n<p>ESERCIZIO 11(saut\u00e9, changement de pieds, assembl\u00e9, jet\u00e9)<\/p>\n<p>ESERCIZIO 12 (sissonne ferme\u00e9, grande jet\u00e9)<\/p>\n<p>ESERCIZIO 13(changement de pieds)<\/p>\n<p>ESERCIZIO 14 (port de bras)<\/p>\n","protected":false},"excerpt":{"rendered":"<p><strong>Ballet Class with the famous Ballet Master \u2013 Maestro Victor Litvinov<\/strong><br \/>\nVictor Litvinov gives master classes only to the best dancers, ballet stars and participants in prestigious ballet competitions.<br \/>\nYou have a rare opportunity to learn from Victor Litvinov!<br \/>\nUnique masterclasses from a teacher who works with professional ballet dancers and ballet stars since 1978<br \/>\n<strong>CENTER<\/strong><\/p>\n","protected":false},"featured_media":4968,"comment_status":"open","ping_status":"closed","template":"","meta":{"site-sidebar-layout":"default","site-content-layout":"default","ast-site-content-layout":"default","site-content-style":"default","site-sidebar-style":"default","ast-global-header-display":"","ast-banner-title-visibility":"","ast-main-header-display":"","ast-hfb-above-header-display":"","ast-hfb-below-header-display":"","ast-hfb-mobile-header-display":"","site-post-title":"","ast-breadcrumbs-content":"","ast-featured-img":"","footer-sml-layout":"","theme-transparent-header-meta":"default","adv-header-id-meta":"","stick-header-meta":"","header-above-stick-meta":"","header-main-stick-meta":"","header-below-stick-meta":"","astra-migrate-meta-layouts":"default","ast-page-background-enabled":"default","ast-page-background-meta":{"desktop":{"background-color":"","background-image":"","background-repeat":"repeat","background-position":"center center","background-size":"auto","background-attachment":"scroll","background-type":"","background-media":"","overlay-type":"","overlay-color":"","overlay-opacity":"","overlay-gradient":""},"tablet":{"background-color":"","background-image":"","background-repeat":"repeat","background-position":"center center","background-size":"auto","background-attachment":"scroll","background-type":"","background-media":"","overlay-type":"","overlay-color":"","overlay-opacity":"","overlay-gradient":""},"mobile":{"background-color":"","background-image":"","background-repeat":"repeat","background-position":"center center","background-size":"auto","background-attachment":"scroll","background-type":"","background-media":"","overlay-type":"","overlay-color":"","overlay-opacity":"","overlay-gradient":""}},"ast-content-background-meta":{"desktop":{"background-color":"var(--ast-global-color-5)","background-image":"","background-repeat":"repeat","background-position":"center center","background-size":"auto","background-attachment":"scroll","background-type":"","background-media":"","overlay-type":"","overlay-color":"","overlay-opacity":"","overlay-gradient":""},"tablet":{"background-color":"var(--ast-global-color-5)","background-image":"","background-repeat":"repeat","background-position":"center center","background-size":"auto","background-attachment":"scroll","background-type":"","background-media":"","overlay-type":"","overlay-color":"","overlay-opacity":"","overlay-gradient":""},"mobile":{"background-color":"var(--ast-global-color-5)","background-image":"","background-repeat":"repeat","background-position":"center center","background-size":"auto","background-attachment":"scroll","background-type":"","background-media":"","overlay-type":"","overlay-color":"","overlay-opacity":"","overlay-gradient":""}}},"product_brand":[],"product_cat":[156],"product_tag":[47,48,49,54,138,139,171],"class_list":{"0":"post-4686","1":"product","2":"type-product","3":"status-publish","4":"has-post-thumbnail","6":"product_cat-victor-litvinov","7":"product_tag-professional","8":"product_tag-advanced","9":"product_tag-intermediate","10":"product_tag-for-teachers","11":"product_tag-vaganova-method","12":"product_tag-pointe-classes-lessons","13":"product_tag-english","14":"desktop-align-left","15":"tablet-align-left","16":"mobile-align-left","18":"first","19":"instock","20":"virtual","21":"sold-individually","22":"purchasable","23":"product-type-simple"},"yoast_head":"<!-- This site is optimized with the Yoast SEO plugin v25.3.1 - https:\/\/yoast.com\/wordpress\/plugins\/seo\/ -->\n<title>Victor Litvinov class 2 Center - WorldBalletClass<\/title>\n<meta name=\"robots\" content=\"index, follow, max-snippet:-1, max-image-preview:large, max-video-preview:-1\" \/>\n<link rel=\"canonical\" href=\"https:\/\/worldballetclass.com\/master-classes\/victor-litvinov-class-2-center\/\" \/>\n<meta property=\"og:locale\" content=\"ja_JP\" \/>\n<meta property=\"og:type\" content=\"article\" \/>\n<meta property=\"og:title\" content=\"Victor Litvinov class 2 Center - WorldBalletClass\" \/>\n<meta property=\"og:description\" content=\"Ballet Class with the famous Ballet Master \u2013 Maestro Victor Litvinov Victor Litvinov gives master classes only to the best dancers, ballet stars and participants in prestigious ballet competitions. You have a rare opportunity to learn from Victor Litvinov! Unique masterclasses from a teacher who works with professional ballet dancers and ballet stars since 1978 CENTER\" \/>\n<meta property=\"og:url\" content=\"https:\/\/worldballetclass.com\/master-classes\/victor-litvinov-class-2-center\/\" \/>\n<meta property=\"og:site_name\" content=\"WorldBalletClass\" \/>\n<meta property=\"article:publisher\" content=\"https:\/\/www.facebook.com\/WorldBalletClass\/\" \/>\n<meta property=\"article:modified_time\" content=\"2021-01-17T15:49:54+00:00\" \/>\n<meta property=\"og:image\" content=\"https:\/\/worldballetclass.com\/wp-content\/uploads\/2020\/11\/Victor-Litvinov-1-1.jpg\" \/>\n\t<meta property=\"og:image:width\" content=\"1000\" \/>\n\t<meta property=\"og:image:height\" content=\"1000\" \/>\n\t<meta property=\"og:image:type\" content=\"image\/jpeg\" \/>\n<meta name=\"twitter:card\" content=\"summary_large_image\" \/>\n<meta name=\"twitter:label1\" content=\"\u63a8\u5b9a\u8aad\u307f\u53d6\u308a\u6642\u9593\" \/>\n\t<meta name=\"twitter:data1\" content=\"1\u5206\" \/>\n<script type=\"application\/ld+json\" class=\"yoast-schema-graph\">{\"@context\":\"https:\/\/schema.org\",\"@graph\":[{\"@type\":\"WebPage\",\"@id\":\"https:\/\/worldballetclass.com\/master-classes\/victor-litvinov-class-2-center\/\",\"url\":\"https:\/\/worldballetclass.com\/master-classes\/victor-litvinov-class-2-center\/\",\"name\":\"Victor Litvinov class 2 Center - WorldBalletClass\",\"isPartOf\":{\"@id\":\"https:\/\/worldballetclass.com\/#website\"},\"primaryImageOfPage\":{\"@id\":\"https:\/\/worldballetclass.com\/master-classes\/victor-litvinov-class-2-center\/#primaryimage\"},\"image\":{\"@id\":\"https:\/\/worldballetclass.com\/master-classes\/victor-litvinov-class-2-center\/#primaryimage\"},\"thumbnailUrl\":\"https:\/\/worldballetclass.com\/wp-content\/uploads\/2020\/11\/Victor-Litvinov-1-1.jpg\",\"datePublished\":\"2020-11-10T00:16:19+00:00\",\"dateModified\":\"2021-01-17T15:49:54+00:00\",\"breadcrumb\":{\"@id\":\"https:\/\/worldballetclass.com\/master-classes\/victor-litvinov-class-2-center\/#breadcrumb\"},\"inLanguage\":\"ja\",\"potentialAction\":[{\"@type\":\"ReadAction\",\"target\":[\"https:\/\/worldballetclass.com\/master-classes\/victor-litvinov-class-2-center\/\"]}]},{\"@type\":\"ImageObject\",\"inLanguage\":\"ja\",\"@id\":\"https:\/\/worldballetclass.com\/master-classes\/victor-litvinov-class-2-center\/#primaryimage\",\"url\":\"https:\/\/worldballetclass.com\/wp-content\/uploads\/2020\/11\/Victor-Litvinov-1-1.jpg\",\"contentUrl\":\"https:\/\/worldballetclass.com\/wp-content\/uploads\/2020\/11\/Victor-Litvinov-1-1.jpg\",\"width\":1000,\"height\":1000},{\"@type\":\"BreadcrumbList\",\"@id\":\"https:\/\/worldballetclass.com\/master-classes\/victor-litvinov-class-2-center\/#breadcrumb\",\"itemListElement\":[{\"@type\":\"ListItem\",\"position\":1,\"name\":\"Master-Classes\",\"item\":\"https:\/\/worldballetclass.com\/master-classes\/\"},{\"@type\":\"ListItem\",\"position\":2,\"name\":\"Professional\",\"item\":\"https:\/\/worldballetclass.com\/product-tag\/professional\/\"},{\"@type\":\"ListItem\",\"position\":3,\"name\":\"Victor Litvinov class 2 Center\"}]},{\"@type\":\"WebSite\",\"@id\":\"https:\/\/worldballetclass.com\/#website\",\"url\":\"https:\/\/worldballetclass.com\/\",\"name\":\"WorldBalletClass\",\"description\":\"abhte115\",\"publisher\":{\"@id\":\"https:\/\/worldballetclass.com\/#organization\"},\"potentialAction\":[{\"@type\":\"SearchAction\",\"target\":{\"@type\":\"EntryPoint\",\"urlTemplate\":\"https:\/\/worldballetclass.com\/?s={search_term_string}\"},\"query-input\":{\"@type\":\"PropertyValueSpecification\",\"valueRequired\":true,\"valueName\":\"search_term_string\"}}],\"inLanguage\":\"ja\"},{\"@type\":\"Organization\",\"@id\":\"https:\/\/worldballetclass.com\/#organization\",\"name\":\"WorldBalletClass\",\"url\":\"https:\/\/worldballetclass.com\/\",\"logo\":{\"@type\":\"ImageObject\",\"inLanguage\":\"ja\",\"@id\":\"https:\/\/worldballetclass.com\/#\/schema\/logo\/image\/\",\"url\":\"https:\/\/worldballetclass.com\/wp-content\/uploads\/2020\/04\/logo-06.png\",\"contentUrl\":\"https:\/\/worldballetclass.com\/wp-content\/uploads\/2020\/04\/logo-06.png\",\"width\":278,\"height\":27,\"caption\":\"WorldBalletClass\"},\"image\":{\"@id\":\"https:\/\/worldballetclass.com\/#\/schema\/logo\/image\/\"},\"sameAs\":[\"https:\/\/www.facebook.com\/WorldBalletClass\/\",\"https:\/\/www.instagram.com\/worldballetclass\/\",\"https:\/\/www.youtube.com\/channel\/UCNmPoQTLIlWsjWJypfXP3Zw\/\"]}]}<\/script>\n<!-- \/ Yoast SEO plugin. -->","yoast_head_json":{"title":"Victor Litvinov class 2 Center - WorldBalletClass","robots":{"index":"index","follow":"follow","max-snippet":"max-snippet:-1","max-image-preview":"max-image-preview:large","max-video-preview":"max-video-preview:-1"},"canonical":"https:\/\/worldballetclass.com\/master-classes\/victor-litvinov-class-2-center\/","og_locale":"ja_JP","og_type":"article","og_title":"Victor Litvinov class 2 Center - WorldBalletClass","og_description":"Ballet Class with the famous Ballet Master \u2013 Maestro Victor Litvinov Victor Litvinov gives master classes only to the best dancers, ballet stars and participants in prestigious ballet competitions. You have a rare opportunity to learn from Victor Litvinov! Unique masterclasses from a teacher who works with professional ballet dancers and ballet stars since 1978 CENTER","og_url":"https:\/\/worldballetclass.com\/master-classes\/victor-litvinov-class-2-center\/","og_site_name":"WorldBalletClass","article_publisher":"https:\/\/www.facebook.com\/WorldBalletClass\/","article_modified_time":"2021-01-17T15:49:54+00:00","og_image":[{"width":1000,"height":1000,"url":"https:\/\/worldballetclass.com\/wp-content\/uploads\/2020\/11\/Victor-Litvinov-1-1.jpg","type":"image\/jpeg"}],"twitter_card":"summary_large_image","twitter_misc":{"\u63a8\u5b9a\u8aad\u307f\u53d6\u308a\u6642\u9593":"1\u5206"},"schema":{"@context":"https:\/\/schema.org","@graph":[{"@type":"WebPage","@id":"https:\/\/worldballetclass.com\/master-classes\/victor-litvinov-class-2-center\/","url":"https:\/\/worldballetclass.com\/master-classes\/victor-litvinov-class-2-center\/","name":"Victor Litvinov class 2 Center - WorldBalletClass","isPartOf":{"@id":"https:\/\/worldballetclass.com\/#website"},"primaryImageOfPage":{"@id":"https:\/\/worldballetclass.com\/master-classes\/victor-litvinov-class-2-center\/#primaryimage"},"image":{"@id":"https:\/\/worldballetclass.com\/master-classes\/victor-litvinov-class-2-center\/#primaryimage"},"thumbnailUrl":"https:\/\/worldballetclass.com\/wp-content\/uploads\/2020\/11\/Victor-Litvinov-1-1.jpg","datePublished":"2020-11-10T00:16:19+00:00","dateModified":"2021-01-17T15:49:54+00:00","breadcrumb":{"@id":"https:\/\/worldballetclass.com\/master-classes\/victor-litvinov-class-2-center\/#breadcrumb"},"inLanguage":"ja","potentialAction":[{"@type":"ReadAction","target":["https:\/\/worldballetclass.com\/master-classes\/victor-litvinov-class-2-center\/"]}]},{"@type":"ImageObject","inLanguage":"ja","@id":"https:\/\/worldballetclass.com\/master-classes\/victor-litvinov-class-2-center\/#primaryimage","url":"https:\/\/worldballetclass.com\/wp-content\/uploads\/2020\/11\/Victor-Litvinov-1-1.jpg","contentUrl":"https:\/\/worldballetclass.com\/wp-content\/uploads\/2020\/11\/Victor-Litvinov-1-1.jpg","width":1000,"height":1000},{"@type":"BreadcrumbList","@id":"https:\/\/worldballetclass.com\/master-classes\/victor-litvinov-class-2-center\/#breadcrumb","itemListElement":[{"@type":"ListItem","position":1,"name":"Master-Classes","item":"https:\/\/worldballetclass.com\/master-classes\/"},{"@type":"ListItem","position":2,"name":"Professional","item":"https:\/\/worldballetclass.com\/product-tag\/professional\/"},{"@type":"ListItem","position":3,"name":"Victor Litvinov class 2 Center"}]},{"@type":"WebSite","@id":"https:\/\/worldballetclass.com\/#website","url":"https:\/\/worldballetclass.com\/","name":"WorldBalletClass","description":"abhte115","publisher":{"@id":"https:\/\/worldballetclass.com\/#organization"},"potentialAction":[{"@type":"SearchAction","target":{"@type":"EntryPoint","urlTemplate":"https:\/\/worldballetclass.com\/?s={search_term_string}"},"query-input":{"@type":"PropertyValueSpecification","valueRequired":true,"valueName":"search_term_string"}}],"inLanguage":"ja"},{"@type":"Organization","@id":"https:\/\/worldballetclass.com\/#organization","name":"WorldBalletClass","url":"https:\/\/worldballetclass.com\/","logo":{"@type":"ImageObject","inLanguage":"ja","@id":"https:\/\/worldballetclass.com\/#\/schema\/logo\/image\/","url":"https:\/\/worldballetclass.com\/wp-content\/uploads\/2020\/04\/logo-06.png","contentUrl":"https:\/\/worldballetclass.com\/wp-content\/uploads\/2020\/04\/logo-06.png","width":278,"height":27,"caption":"WorldBalletClass"},"image":{"@id":"https:\/\/worldballetclass.com\/#\/schema\/logo\/image\/"},"sameAs":["https:\/\/www.facebook.com\/WorldBalletClass\/","https:\/\/www.instagram.com\/worldballetclass\/","https:\/\/www.youtube.com\/channel\/UCNmPoQTLIlWsjWJypfXP3Zw\/"]}]}},"_links":{"self":[{"href":"https:\/\/worldballetclass.com\/ja\/wp-json\/wp\/v2\/product\/4686","targetHints":{"allow":["GET"]}}],"collection":[{"href":"https:\/\/worldballetclass.com\/ja\/wp-json\/wp\/v2\/product"}],"about":[{"href":"https:\/\/worldballetclass.com\/ja\/wp-json\/wp\/v2\/types\/product"}],"replies":[{"embeddable":true,"href":"https:\/\/worldballetclass.com\/ja\/wp-json\/wp\/v2\/comments?post=4686"}],"version-history":[{"count":4,"href":"https:\/\/worldballetclass.com\/ja\/wp-json\/wp\/v2\/product\/4686\/revisions"}],"predecessor-version":[{"id":4963,"href":"https:\/\/worldballetclass.com\/ja\/wp-json\/wp\/v2\/product\/4686\/revisions\/4963"}],"wp:featuredmedia":[{"embeddable":true,"href":"https:\/\/worldballetclass.com\/ja\/wp-json\/wp\/v2\/media\/4968"}],"wp:attachment":[{"href":"https:\/\/worldballetclass.com\/ja\/wp-json\/wp\/v2\/media?parent=4686"}],"wp:term":[{"taxonomy":"product_brand","embeddable":true,"href":"https:\/\/worldballetclass.com\/ja\/wp-json\/wp\/v2\/product_brand?post=4686"},{"taxonomy":"product_cat","embeddable":true,"href":"https:\/\/worldballetclass.com\/ja\/wp-json\/wp\/v2\/product_cat?post=4686"},{"taxonomy":"product_tag","embeddable":true,"href":"https:\/\/worldballetclass.com\/ja\/wp-json\/wp\/v2\/product_tag?post=4686"}],"curies":[{"name":"wp","href":"https:\/\/api.w.org\/{rel}","templated":true}]}}