{"id":5665,"date":"2021-01-17T15:51:28","date_gmt":"2021-01-17T12:51:28","guid":{"rendered":"https:\/\/worldballetclass.com\/?post_type=product&#038;p=5665"},"modified":"2021-03-09T11:20:01","modified_gmt":"2021-03-09T08:20:01","slug":"mayumi-sakamoto-leccion-numero-6-para-principiantes-temps-lie-la-importancia-del-temps-lie-part-1","status":"publish","type":"product","link":"https:\/\/worldballetclass.com\/ja\/master-classes\/mayumi-sakamoto-leccion-numero-6-para-principiantes-temps-lie-la-importancia-del-temps-lie-part-1\/","title":{"rendered":"Mayumi Sakamoto <BR>Lecci\u00f3n n\u00famero 6 Para principiantes.<BR> TEMPS LI\u00c9 LA IMPORTANCIA DEL TEMPS LI\u00c9. Part 1"},"content":{"rendered":"<p>En esta lecci\u00f3n estudiaremos la forma b\u00e1sica, es decir el temps li\u00e9 par terre, expuesto con m\u00ednimos detalles.<\/p>\n<p>Esta lecci\u00f3n ayudar\u00e1 a todos los principiantes a coordinar mejor sus movimientos, preparar su cuerpo para los pr\u00f3ximos ejercicios, dar un impulso de energ\u00eda y positividad. Es especialmente \u00fatil si se repite varias veces. Esto le ayudar\u00e1 a aprender mejor y r\u00e1pidamente este importante movimiento dentro de la preparaci\u00f3n del bailar\u00edn profesional.<\/p>\n","protected":false},"excerpt":{"rendered":"<p>El temps li\u00e9 es una combinaci\u00f3n de una serie de movimientos continuos interconectados con dificultades progresivas ejecutados en el centro de la sala. En los estudios del ballet, el temps li\u00e9 como forma independiente es de gran importancia en el desarrollo de la coordinaci\u00f3n de movimientos de los brazos, piernas, cabeza y cuerpo. En este ejercicio, que consta de dos tiempos, se conectan dos poses simples, pose \u00e9paulement crois\u00e9 y pose \u00e0 la seconde .El temps li\u00e9 se estudia desde la forma m\u00e1s simple hasta la m\u00e1s compleja: temps li\u00e9 par terre,temps li\u00e9 con port de bras , temps li\u00e9 a 90\u00ba flat y en rel\u00e8ve , temps li\u00e9 con doble tour, temps li\u00e9 a 90\u00ba con tour desde grand pli\u00e9 .<\/p>\n<p>&nbsp;<\/p>\n","protected":false},"featured_media":5670,"comment_status":"open","ping_status":"closed","template":"","meta":{"site-sidebar-layout":"default","site-content-layout":"default","ast-site-content-layout":"default","site-content-style":"default","site-sidebar-style":"default","ast-global-header-display":"","ast-banner-title-visibility":"","ast-main-header-display":"","ast-hfb-above-header-display":"","ast-hfb-below-header-display":"","ast-hfb-mobile-header-display":"","site-post-title":"","ast-breadcrumbs-content":"","ast-featured-img":"","footer-sml-layout":"","theme-transparent-header-meta":"default","adv-header-id-meta":"","stick-header-meta":"","header-above-stick-meta":"","header-main-stick-meta":"","header-below-stick-meta":"","astra-migrate-meta-layouts":"default","ast-page-background-enabled":"default","ast-page-background-meta":{"desktop":{"background-color":"","background-image":"","background-repeat":"repeat","background-position":"center center","background-size":"auto","background-attachment":"scroll","background-type":"","background-media":"","overlay-type":"","overlay-color":"","overlay-opacity":"","overlay-gradient":""},"tablet":{"background-color":"","background-image":"","background-repeat":"repeat","background-position":"center center","background-size":"auto","background-attachment":"scroll","background-type":"","background-media":"","overlay-type":"","overlay-color":"","overlay-opacity":"","overlay-gradient":""},"mobile":{"background-color":"","background-image":"","background-repeat":"repeat","background-position":"center center","background-size":"auto","background-attachment":"scroll","background-type":"","background-media":"","overlay-type":"","overlay-color":"","overlay-opacity":"","overlay-gradient":""}},"ast-content-background-meta":{"desktop":{"background-color":"var(--ast-global-color-5)","background-image":"","background-repeat":"repeat","background-position":"center center","background-size":"auto","background-attachment":"scroll","background-type":"","background-media":"","overlay-type":"","overlay-color":"","overlay-opacity":"","overlay-gradient":""},"tablet":{"background-color":"var(--ast-global-color-5)","background-image":"","background-repeat":"repeat","background-position":"center center","background-size":"auto","background-attachment":"scroll","background-type":"","background-media":"","overlay-type":"","overlay-color":"","overlay-opacity":"","overlay-gradient":""},"mobile":{"background-color":"var(--ast-global-color-5)","background-image":"","background-repeat":"repeat","background-position":"center center","background-size":"auto","background-attachment":"scroll","background-type":"","background-media":"","overlay-type":"","overlay-color":"","overlay-opacity":"","overlay-gradient":""}}},"product_brand":[],"product_cat":[116],"product_tag":[50,52,138,172],"class_list":{"0":"post-5665","1":"product","2":"type-product","3":"status-publish","4":"has-post-thumbnail","6":"product_cat-mayumi-sakamoto","7":"product_tag-beginner","8":"product_tag-for-children","9":"product_tag-vaganova-method","10":"product_tag-espanol","11":"desktop-align-left","12":"tablet-align-left","13":"mobile-align-left","15":"first","16":"instock","17":"virtual","18":"sold-individually","19":"purchasable","20":"product-type-simple"},"yoast_head":"<!-- This site is optimized with the Yoast SEO plugin v25.3.1 - https:\/\/yoast.com\/wordpress\/plugins\/seo\/ -->\n<title>Mayumi Sakamoto Lecci\u00f3n n\u00famero 6 Para principiantes. TEMPS LI\u00c9 LA IMPORTANCIA DEL TEMPS LI\u00c9. Part 1 - WorldBalletClass<\/title>\n<meta name=\"robots\" content=\"index, follow, max-snippet:-1, max-image-preview:large, max-video-preview:-1\" \/>\n<link rel=\"canonical\" href=\"https:\/\/worldballetclass.com\/master-classes\/mayumi-sakamoto-leccion-numero-6-para-principiantes-temps-lie-la-importancia-del-temps-lie-part-1\/\" \/>\n<meta property=\"og:locale\" content=\"ja_JP\" \/>\n<meta property=\"og:type\" content=\"article\" \/>\n<meta property=\"og:title\" content=\"Mayumi Sakamoto Lecci\u00f3n n\u00famero 6 Para principiantes. TEMPS LI\u00c9 LA IMPORTANCIA DEL TEMPS LI\u00c9. Part 1 - WorldBalletClass\" \/>\n<meta property=\"og:description\" content=\"El temps li\u00e9 es una combinaci\u00f3n de una serie de movimientos continuos interconectados con dificultades progresivas ejecutados en el centro de la sala. En los estudios del ballet, el temps li\u00e9 como forma independiente es de gran importancia en el desarrollo de la coordinaci\u00f3n de movimientos de los brazos, piernas, cabeza y cuerpo. En este ejercicio, que consta de dos tiempos, se conectan dos poses simples, pose \u00e9paulement crois\u00e9 y pose \u00e0 la seconde .El temps li\u00e9 se estudia desde la forma m\u00e1s simple hasta la m\u00e1s compleja: temps li\u00e9 par terre,temps li\u00e9 con port de bras , temps li\u00e9 a 90\u00ba flat y en rel\u00e8ve , temps li\u00e9 con doble tour, temps li\u00e9 a 90\u00ba con tour desde grand pli\u00e9 .  &nbsp;\" \/>\n<meta property=\"og:url\" content=\"https:\/\/worldballetclass.com\/master-classes\/mayumi-sakamoto-leccion-numero-6-para-principiantes-temps-lie-la-importancia-del-temps-lie-part-1\/\" \/>\n<meta property=\"og:site_name\" content=\"WorldBalletClass\" \/>\n<meta property=\"article:publisher\" content=\"https:\/\/www.facebook.com\/WorldBalletClass\/\" \/>\n<meta property=\"article:modified_time\" content=\"2021-03-09T08:20:01+00:00\" \/>\n<meta property=\"og:image\" content=\"https:\/\/worldballetclass.com\/wp-content\/uploads\/2021\/01\/Mayumi-Sakamoto-Lesson-6.jpg\" \/>\n\t<meta property=\"og:image:width\" content=\"403\" \/>\n\t<meta property=\"og:image:height\" content=\"403\" \/>\n\t<meta property=\"og:image:type\" content=\"image\/jpeg\" \/>\n<meta name=\"twitter:card\" content=\"summary_large_image\" \/>\n<meta name=\"twitter:label1\" content=\"\u63a8\u5b9a\u8aad\u307f\u53d6\u308a\u6642\u9593\" \/>\n\t<meta name=\"twitter:data1\" content=\"1\u5206\" \/>\n<script type=\"application\/ld+json\" class=\"yoast-schema-graph\">{\"@context\":\"https:\/\/schema.org\",\"@graph\":[{\"@type\":\"WebPage\",\"@id\":\"https:\/\/worldballetclass.com\/master-classes\/mayumi-sakamoto-leccion-numero-6-para-principiantes-temps-lie-la-importancia-del-temps-lie-part-1\/\",\"url\":\"https:\/\/worldballetclass.com\/master-classes\/mayumi-sakamoto-leccion-numero-6-para-principiantes-temps-lie-la-importancia-del-temps-lie-part-1\/\",\"name\":\"Mayumi Sakamoto Lecci\u00f3n n\u00famero 6 Para principiantes. TEMPS LI\u00c9 LA IMPORTANCIA DEL TEMPS LI\u00c9. Part 1 - WorldBalletClass\",\"isPartOf\":{\"@id\":\"https:\/\/worldballetclass.com\/#website\"},\"primaryImageOfPage\":{\"@id\":\"https:\/\/worldballetclass.com\/master-classes\/mayumi-sakamoto-leccion-numero-6-para-principiantes-temps-lie-la-importancia-del-temps-lie-part-1\/#primaryimage\"},\"image\":{\"@id\":\"https:\/\/worldballetclass.com\/master-classes\/mayumi-sakamoto-leccion-numero-6-para-principiantes-temps-lie-la-importancia-del-temps-lie-part-1\/#primaryimage\"},\"thumbnailUrl\":\"https:\/\/worldballetclass.com\/wp-content\/uploads\/2021\/01\/Mayumi-Sakamoto-Lesson-6.jpg\",\"datePublished\":\"2021-01-17T12:51:28+00:00\",\"dateModified\":\"2021-03-09T08:20:01+00:00\",\"breadcrumb\":{\"@id\":\"https:\/\/worldballetclass.com\/master-classes\/mayumi-sakamoto-leccion-numero-6-para-principiantes-temps-lie-la-importancia-del-temps-lie-part-1\/#breadcrumb\"},\"inLanguage\":\"ja\",\"potentialAction\":[{\"@type\":\"ReadAction\",\"target\":[\"https:\/\/worldballetclass.com\/master-classes\/mayumi-sakamoto-leccion-numero-6-para-principiantes-temps-lie-la-importancia-del-temps-lie-part-1\/\"]}]},{\"@type\":\"ImageObject\",\"inLanguage\":\"ja\",\"@id\":\"https:\/\/worldballetclass.com\/master-classes\/mayumi-sakamoto-leccion-numero-6-para-principiantes-temps-lie-la-importancia-del-temps-lie-part-1\/#primaryimage\",\"url\":\"https:\/\/worldballetclass.com\/wp-content\/uploads\/2021\/01\/Mayumi-Sakamoto-Lesson-6.jpg\",\"contentUrl\":\"https:\/\/worldballetclass.com\/wp-content\/uploads\/2021\/01\/Mayumi-Sakamoto-Lesson-6.jpg\",\"width\":403,\"height\":403},{\"@type\":\"BreadcrumbList\",\"@id\":\"https:\/\/worldballetclass.com\/master-classes\/mayumi-sakamoto-leccion-numero-6-para-principiantes-temps-lie-la-importancia-del-temps-lie-part-1\/#breadcrumb\",\"itemListElement\":[{\"@type\":\"ListItem\",\"position\":1,\"name\":\"Master-Classes\",\"item\":\"https:\/\/worldballetclass.com\/master-classes\/\"},{\"@type\":\"ListItem\",\"position\":2,\"name\":\"Beginner\",\"item\":\"https:\/\/worldballetclass.com\/product-tag\/beginner\/\"},{\"@type\":\"ListItem\",\"position\":3,\"name\":\"Mayumi Sakamoto Lecci\u00f3n n\u00famero 6 Para principiantes. TEMPS LI\u00c9 LA IMPORTANCIA DEL TEMPS LI\u00c9. Part 1\"}]},{\"@type\":\"WebSite\",\"@id\":\"https:\/\/worldballetclass.com\/#website\",\"url\":\"https:\/\/worldballetclass.com\/\",\"name\":\"WorldBalletClass\",\"description\":\"abhte115\",\"publisher\":{\"@id\":\"https:\/\/worldballetclass.com\/#organization\"},\"potentialAction\":[{\"@type\":\"SearchAction\",\"target\":{\"@type\":\"EntryPoint\",\"urlTemplate\":\"https:\/\/worldballetclass.com\/?s={search_term_string}\"},\"query-input\":{\"@type\":\"PropertyValueSpecification\",\"valueRequired\":true,\"valueName\":\"search_term_string\"}}],\"inLanguage\":\"ja\"},{\"@type\":\"Organization\",\"@id\":\"https:\/\/worldballetclass.com\/#organization\",\"name\":\"WorldBalletClass\",\"url\":\"https:\/\/worldballetclass.com\/\",\"logo\":{\"@type\":\"ImageObject\",\"inLanguage\":\"ja\",\"@id\":\"https:\/\/worldballetclass.com\/#\/schema\/logo\/image\/\",\"url\":\"https:\/\/worldballetclass.com\/wp-content\/uploads\/2020\/04\/logo-06.png\",\"contentUrl\":\"https:\/\/worldballetclass.com\/wp-content\/uploads\/2020\/04\/logo-06.png\",\"width\":278,\"height\":27,\"caption\":\"WorldBalletClass\"},\"image\":{\"@id\":\"https:\/\/worldballetclass.com\/#\/schema\/logo\/image\/\"},\"sameAs\":[\"https:\/\/www.facebook.com\/WorldBalletClass\/\",\"https:\/\/www.instagram.com\/worldballetclass\/\",\"https:\/\/www.youtube.com\/channel\/UCNmPoQTLIlWsjWJypfXP3Zw\/\"]}]}<\/script>\n<!-- \/ Yoast SEO plugin. -->","yoast_head_json":{"title":"Mayumi Sakamoto Lecci\u00f3n n\u00famero 6 Para principiantes. TEMPS LI\u00c9 LA IMPORTANCIA DEL TEMPS LI\u00c9. Part 1 - WorldBalletClass","robots":{"index":"index","follow":"follow","max-snippet":"max-snippet:-1","max-image-preview":"max-image-preview:large","max-video-preview":"max-video-preview:-1"},"canonical":"https:\/\/worldballetclass.com\/master-classes\/mayumi-sakamoto-leccion-numero-6-para-principiantes-temps-lie-la-importancia-del-temps-lie-part-1\/","og_locale":"ja_JP","og_type":"article","og_title":"Mayumi Sakamoto Lecci\u00f3n n\u00famero 6 Para principiantes. TEMPS LI\u00c9 LA IMPORTANCIA DEL TEMPS LI\u00c9. Part 1 - WorldBalletClass","og_description":"El temps li\u00e9 es una combinaci\u00f3n de una serie de movimientos continuos interconectados con dificultades progresivas ejecutados en el centro de la sala. En los estudios del ballet, el temps li\u00e9 como forma independiente es de gran importancia en el desarrollo de la coordinaci\u00f3n de movimientos de los brazos, piernas, cabeza y cuerpo. En este ejercicio, que consta de dos tiempos, se conectan dos poses simples, pose \u00e9paulement crois\u00e9 y pose \u00e0 la seconde .El temps li\u00e9 se estudia desde la forma m\u00e1s simple hasta la m\u00e1s compleja: temps li\u00e9 par terre,temps li\u00e9 con port de bras , temps li\u00e9 a 90\u00ba flat y en rel\u00e8ve , temps li\u00e9 con doble tour, temps li\u00e9 a 90\u00ba con tour desde grand pli\u00e9 .  &nbsp;","og_url":"https:\/\/worldballetclass.com\/master-classes\/mayumi-sakamoto-leccion-numero-6-para-principiantes-temps-lie-la-importancia-del-temps-lie-part-1\/","og_site_name":"WorldBalletClass","article_publisher":"https:\/\/www.facebook.com\/WorldBalletClass\/","article_modified_time":"2021-03-09T08:20:01+00:00","og_image":[{"width":403,"height":403,"url":"https:\/\/worldballetclass.com\/wp-content\/uploads\/2021\/01\/Mayumi-Sakamoto-Lesson-6.jpg","type":"image\/jpeg"}],"twitter_card":"summary_large_image","twitter_misc":{"\u63a8\u5b9a\u8aad\u307f\u53d6\u308a\u6642\u9593":"1\u5206"},"schema":{"@context":"https:\/\/schema.org","@graph":[{"@type":"WebPage","@id":"https:\/\/worldballetclass.com\/master-classes\/mayumi-sakamoto-leccion-numero-6-para-principiantes-temps-lie-la-importancia-del-temps-lie-part-1\/","url":"https:\/\/worldballetclass.com\/master-classes\/mayumi-sakamoto-leccion-numero-6-para-principiantes-temps-lie-la-importancia-del-temps-lie-part-1\/","name":"Mayumi Sakamoto Lecci\u00f3n n\u00famero 6 Para principiantes. TEMPS LI\u00c9 LA IMPORTANCIA DEL TEMPS LI\u00c9. Part 1 - WorldBalletClass","isPartOf":{"@id":"https:\/\/worldballetclass.com\/#website"},"primaryImageOfPage":{"@id":"https:\/\/worldballetclass.com\/master-classes\/mayumi-sakamoto-leccion-numero-6-para-principiantes-temps-lie-la-importancia-del-temps-lie-part-1\/#primaryimage"},"image":{"@id":"https:\/\/worldballetclass.com\/master-classes\/mayumi-sakamoto-leccion-numero-6-para-principiantes-temps-lie-la-importancia-del-temps-lie-part-1\/#primaryimage"},"thumbnailUrl":"https:\/\/worldballetclass.com\/wp-content\/uploads\/2021\/01\/Mayumi-Sakamoto-Lesson-6.jpg","datePublished":"2021-01-17T12:51:28+00:00","dateModified":"2021-03-09T08:20:01+00:00","breadcrumb":{"@id":"https:\/\/worldballetclass.com\/master-classes\/mayumi-sakamoto-leccion-numero-6-para-principiantes-temps-lie-la-importancia-del-temps-lie-part-1\/#breadcrumb"},"inLanguage":"ja","potentialAction":[{"@type":"ReadAction","target":["https:\/\/worldballetclass.com\/master-classes\/mayumi-sakamoto-leccion-numero-6-para-principiantes-temps-lie-la-importancia-del-temps-lie-part-1\/"]}]},{"@type":"ImageObject","inLanguage":"ja","@id":"https:\/\/worldballetclass.com\/master-classes\/mayumi-sakamoto-leccion-numero-6-para-principiantes-temps-lie-la-importancia-del-temps-lie-part-1\/#primaryimage","url":"https:\/\/worldballetclass.com\/wp-content\/uploads\/2021\/01\/Mayumi-Sakamoto-Lesson-6.jpg","contentUrl":"https:\/\/worldballetclass.com\/wp-content\/uploads\/2021\/01\/Mayumi-Sakamoto-Lesson-6.jpg","width":403,"height":403},{"@type":"BreadcrumbList","@id":"https:\/\/worldballetclass.com\/master-classes\/mayumi-sakamoto-leccion-numero-6-para-principiantes-temps-lie-la-importancia-del-temps-lie-part-1\/#breadcrumb","itemListElement":[{"@type":"ListItem","position":1,"name":"Master-Classes","item":"https:\/\/worldballetclass.com\/master-classes\/"},{"@type":"ListItem","position":2,"name":"Beginner","item":"https:\/\/worldballetclass.com\/product-tag\/beginner\/"},{"@type":"ListItem","position":3,"name":"Mayumi Sakamoto Lecci\u00f3n n\u00famero 6 Para principiantes. TEMPS LI\u00c9 LA IMPORTANCIA DEL TEMPS LI\u00c9. Part 1"}]},{"@type":"WebSite","@id":"https:\/\/worldballetclass.com\/#website","url":"https:\/\/worldballetclass.com\/","name":"WorldBalletClass","description":"abhte115","publisher":{"@id":"https:\/\/worldballetclass.com\/#organization"},"potentialAction":[{"@type":"SearchAction","target":{"@type":"EntryPoint","urlTemplate":"https:\/\/worldballetclass.com\/?s={search_term_string}"},"query-input":{"@type":"PropertyValueSpecification","valueRequired":true,"valueName":"search_term_string"}}],"inLanguage":"ja"},{"@type":"Organization","@id":"https:\/\/worldballetclass.com\/#organization","name":"WorldBalletClass","url":"https:\/\/worldballetclass.com\/","logo":{"@type":"ImageObject","inLanguage":"ja","@id":"https:\/\/worldballetclass.com\/#\/schema\/logo\/image\/","url":"https:\/\/worldballetclass.com\/wp-content\/uploads\/2020\/04\/logo-06.png","contentUrl":"https:\/\/worldballetclass.com\/wp-content\/uploads\/2020\/04\/logo-06.png","width":278,"height":27,"caption":"WorldBalletClass"},"image":{"@id":"https:\/\/worldballetclass.com\/#\/schema\/logo\/image\/"},"sameAs":["https:\/\/www.facebook.com\/WorldBalletClass\/","https:\/\/www.instagram.com\/worldballetclass\/","https:\/\/www.youtube.com\/channel\/UCNmPoQTLIlWsjWJypfXP3Zw\/"]}]}},"_links":{"self":[{"href":"https:\/\/worldballetclass.com\/ja\/wp-json\/wp\/v2\/product\/5665","targetHints":{"allow":["GET"]}}],"collection":[{"href":"https:\/\/worldballetclass.com\/ja\/wp-json\/wp\/v2\/product"}],"about":[{"href":"https:\/\/worldballetclass.com\/ja\/wp-json\/wp\/v2\/types\/product"}],"replies":[{"embeddable":true,"href":"https:\/\/worldballetclass.com\/ja\/wp-json\/wp\/v2\/comments?post=5665"}],"version-history":[{"count":2,"href":"https:\/\/worldballetclass.com\/ja\/wp-json\/wp\/v2\/product\/5665\/revisions"}],"predecessor-version":[{"id":5675,"href":"https:\/\/worldballetclass.com\/ja\/wp-json\/wp\/v2\/product\/5665\/revisions\/5675"}],"wp:featuredmedia":[{"embeddable":true,"href":"https:\/\/worldballetclass.com\/ja\/wp-json\/wp\/v2\/media\/5670"}],"wp:attachment":[{"href":"https:\/\/worldballetclass.com\/ja\/wp-json\/wp\/v2\/media?parent=5665"}],"wp:term":[{"taxonomy":"product_brand","embeddable":true,"href":"https:\/\/worldballetclass.com\/ja\/wp-json\/wp\/v2\/product_brand?post=5665"},{"taxonomy":"product_cat","embeddable":true,"href":"https:\/\/worldballetclass.com\/ja\/wp-json\/wp\/v2\/product_cat?post=5665"},{"taxonomy":"product_tag","embeddable":true,"href":"https:\/\/worldballetclass.com\/ja\/wp-json\/wp\/v2\/product_tag?post=5665"}],"curies":[{"name":"wp","href":"https:\/\/api.w.org\/{rel}","templated":true}]}}