{"id":6617,"date":"2021-09-29T18:51:45","date_gmt":"2021-09-29T15:51:45","guid":{"rendered":"https:\/\/worldballetclass.com\/?post_type=product&#038;p=6617"},"modified":"2021-09-29T19:12:05","modified_gmt":"2021-09-29T16:12:05","slug":"maestra-mayumi-sakamoto-leccion-numero-8-arabesques-poses-de-la-danza-clasica-metodo-de-la-escuela-vaganova-parte-1","status":"publish","type":"product","link":"https:\/\/worldballetclass.com\/ja\/master-classes\/maestra-mayumi-sakamoto-leccion-numero-8-arabesques-poses-de-la-danza-clasica-metodo-de-la-escuela-vaganova-parte-1\/","title":{"rendered":"Maestra Mayumi Sakamoto <BR> Leccion numero 8 | Arabesques | Poses De La Danza Cl\u00e1sica- Met\u00f3do De La Escuela Vaganova Parte 1"},"content":{"rendered":"<p>Parte 1<br \/>\nEl arabesque es una de las poses b\u00e1sicas de la danza cl\u00e1sica.<br \/>\nLas formas del arabesque son multiples. Los principales arabesque adoptados en la escuela rusa para sus ballets son los cuatros siguientes:<br \/>\n1\u00ba Arabesque (abierto, ouverte, along\u00e9e). 2\u00ba Arabesque. 3\u00ba Arabesque y el 4\u00ba Arabesque.<br \/>\nEl estudio de los arabeques habitualmente se ense\u00f1a despu\u00e9s de haberse estudiado correctamente las poses \u00e9paulement crois\u00e9e avant y derri\u00e8re (fr. delante y detr\u00e1s), seguido de las pose \u00e9paulement en effac\u00e9e y ecart\u00e9e avant y derri\u00e8re. Les recordamos que el \u00e9paulement es el primer rasgo que se incluye en los ejercicios del ni\u00f1o principiante y que incluye el fundamento de su futuro aspecto art\u00edstico.De estos la danza cl\u00e1sica toma la riqueza de sus formas.<br \/>\nLa lecci\u00f3n n\u00famero 8 presenta en dos partes los 4 Arabesques del sistema Vaganova que te ayudar\u00e1n a conocer sus caracter\u00edsticas. Se explican los primeros pasos para desarrollar una correcta ejecuci\u00f3n del mismo para un alumno principiante. Primeramente los arabesques se estudian cada uno por separado con una pose d\u00e9gage derri\u00e8re en el suelo, sin levantar la pierna. M\u00e1s adelante con la pierna a 90\u00ba.<br \/>\nParte 1<br \/>\nEn esta lecci\u00f3n estudiaremos el 1\u00ba Arabesque y el 2\u00ba Arabesque. Demostrado por una alumna de 9 a\u00f1os que ejecuta por primera vez dicho movimiento, y en donde podremos apreciar la dificultad de su ejecucion para un ni\u00f1o principiante.<br \/>\nLa base de todo arabesque es la correcta colocaci\u00f3n de las manos, el cuerpo y la cabeza. Se debe prestar especial atenci\u00f3n en que la posici\u00f3n de la cintura y las caderas de la pierna de trabajo deben estar bien estirados. Muy a menudo, se observan m\u00e1s errores en la forma del 1\u00ba y 4\u00ba arabesque, por eso se deben estudiar con m\u00e1s cuidado.<br \/>\nRespetar la forma correcta en las poses es importante no s\u00f3lo para las poses en s\u00ed, sino tambi\u00e9n para la futura ejecuci\u00f3n exitosa de los tours y saltos en grandes poses.<br \/>\nLas posiciones indicadas de brazos, cuerpo y cabeza en poses son b\u00e1sicas. Durante el estudio inicial, estas posiciones deben cumplirse estr\u00edctamente. M\u00e1s adelante ser\u00e1n posibles combinaciones con posici\u00f3n de las manos y la cabeza con la constante inherente a esta postura, la posici\u00f3n del cuerpo, que es decisiva, ya que la posici\u00f3n de las manos y la cabeza depende de ello. Espero que mis lecciones les sirvan de motivaci\u00f3n e inter\u00e9s en aprender este genial m\u00e9todo de danza cl\u00e1sica!!!<\/p>\n","protected":false},"excerpt":{"rendered":"<p>El arabesque es una de las poses b\u00e1sicas de la danza cl\u00e1sica.<br \/>\nLas formas del arabesque son multiples. Los principales arabesque adoptados en la escuela rusa para sus ballets son los cuatros siguientes:<br \/>\n1\u00ba Arabesque (abierto, ouverte, along\u00e9e). 2\u00ba Arabesque. 3\u00ba Arabesque y el 4\u00ba Arabesque.<\/p>\n","protected":false},"featured_media":6623,"comment_status":"open","ping_status":"closed","template":"","meta":{"site-sidebar-layout":"default","site-content-layout":"default","ast-site-content-layout":"default","site-content-style":"default","site-sidebar-style":"default","ast-global-header-display":"","ast-banner-title-visibility":"","ast-main-header-display":"","ast-hfb-above-header-display":"","ast-hfb-below-header-display":"","ast-hfb-mobile-header-display":"","site-post-title":"","ast-breadcrumbs-content":"","ast-featured-img":"","footer-sml-layout":"","theme-transparent-header-meta":"default","adv-header-id-meta":"","stick-header-meta":"","header-above-stick-meta":"","header-main-stick-meta":"","header-below-stick-meta":"","astra-migrate-meta-layouts":"default","ast-page-background-enabled":"default","ast-page-background-meta":{"desktop":{"background-color":"","background-image":"","background-repeat":"repeat","background-position":"center center","background-size":"auto","background-attachment":"scroll","background-type":"","background-media":"","overlay-type":"","overlay-color":"","overlay-opacity":"","overlay-gradient":""},"tablet":{"background-color":"","background-image":"","background-repeat":"repeat","background-position":"center center","background-size":"auto","background-attachment":"scroll","background-type":"","background-media":"","overlay-type":"","overlay-color":"","overlay-opacity":"","overlay-gradient":""},"mobile":{"background-color":"","background-image":"","background-repeat":"repeat","background-position":"center center","background-size":"auto","background-attachment":"scroll","background-type":"","background-media":"","overlay-type":"","overlay-color":"","overlay-opacity":"","overlay-gradient":""}},"ast-content-background-meta":{"desktop":{"background-color":"var(--ast-global-color-5)","background-image":"","background-repeat":"repeat","background-position":"center center","background-size":"auto","background-attachment":"scroll","background-type":"","background-media":"","overlay-type":"","overlay-color":"","overlay-opacity":"","overlay-gradient":""},"tablet":{"background-color":"var(--ast-global-color-5)","background-image":"","background-repeat":"repeat","background-position":"center center","background-size":"auto","background-attachment":"scroll","background-type":"","background-media":"","overlay-type":"","overlay-color":"","overlay-opacity":"","overlay-gradient":""},"mobile":{"background-color":"var(--ast-global-color-5)","background-image":"","background-repeat":"repeat","background-position":"center center","background-size":"auto","background-attachment":"scroll","background-type":"","background-media":"","overlay-type":"","overlay-color":"","overlay-opacity":"","overlay-gradient":""}}},"product_brand":[],"product_cat":[116],"product_tag":[50,52,138,172],"class_list":{"0":"post-6617","1":"product","2":"type-product","3":"status-publish","4":"has-post-thumbnail","6":"product_cat-mayumi-sakamoto","7":"product_tag-beginner","8":"product_tag-for-children","9":"product_tag-vaganova-method","10":"product_tag-espanol","11":"desktop-align-left","12":"tablet-align-left","13":"mobile-align-left","15":"first","16":"instock","17":"virtual","18":"sold-individually","19":"purchasable","20":"product-type-simple"},"yoast_head":"<!-- This site is optimized with the Yoast SEO plugin v25.3.1 - https:\/\/yoast.com\/wordpress\/plugins\/seo\/ -->\n<title>Maestra Mayumi Sakamoto  Leccion numero 8 | Arabesques | Poses De La Danza Cl\u00e1sica- Met\u00f3do De La Escuela Vaganova Parte 1 - WorldBalletClass<\/title>\n<meta name=\"robots\" content=\"index, follow, max-snippet:-1, max-image-preview:large, max-video-preview:-1\" \/>\n<link rel=\"canonical\" href=\"https:\/\/worldballetclass.com\/master-classes\/maestra-mayumi-sakamoto-leccion-numero-8-arabesques-poses-de-la-danza-clasica-metodo-de-la-escuela-vaganova-parte-1\/\" \/>\n<meta property=\"og:locale\" content=\"ja_JP\" \/>\n<meta property=\"og:type\" content=\"article\" \/>\n<meta property=\"og:title\" content=\"Maestra Mayumi Sakamoto  Leccion numero 8 | Arabesques | Poses De La Danza Cl\u00e1sica- Met\u00f3do De La Escuela Vaganova Parte 1 - WorldBalletClass\" \/>\n<meta property=\"og:description\" content=\"El arabesque es una de las poses b\u00e1sicas de la danza cl\u00e1sica. Las formas del arabesque son multiples. Los principales arabesque adoptados en la escuela rusa para sus ballets son los cuatros siguientes: 1\u00ba Arabesque (abierto, ouverte, along\u00e9e). 2\u00ba Arabesque. 3\u00ba Arabesque y el 4\u00ba Arabesque.\" \/>\n<meta property=\"og:url\" content=\"https:\/\/worldballetclass.com\/master-classes\/maestra-mayumi-sakamoto-leccion-numero-8-arabesques-poses-de-la-danza-clasica-metodo-de-la-escuela-vaganova-parte-1\/\" \/>\n<meta property=\"og:site_name\" content=\"WorldBalletClass\" \/>\n<meta property=\"article:publisher\" content=\"https:\/\/www.facebook.com\/WorldBalletClass\/\" \/>\n<meta property=\"article:modified_time\" content=\"2021-09-29T16:12:05+00:00\" \/>\n<meta property=\"og:image\" content=\"https:\/\/worldballetclass.com\/wp-content\/uploads\/2021\/09\/Mayumi-11-3-\u043a\u043e\u043f\u0438\u044f-1.jpg\" \/>\n\t<meta property=\"og:image:width\" content=\"1500\" \/>\n\t<meta property=\"og:image:height\" content=\"1500\" \/>\n\t<meta property=\"og:image:type\" content=\"image\/jpeg\" \/>\n<meta name=\"twitter:card\" content=\"summary_large_image\" \/>\n<meta name=\"twitter:label1\" content=\"\u63a8\u5b9a\u8aad\u307f\u53d6\u308a\u6642\u9593\" \/>\n\t<meta name=\"twitter:data1\" content=\"2\u5206\" \/>\n<script type=\"application\/ld+json\" class=\"yoast-schema-graph\">{\"@context\":\"https:\/\/schema.org\",\"@graph\":[{\"@type\":\"WebPage\",\"@id\":\"https:\/\/worldballetclass.com\/master-classes\/maestra-mayumi-sakamoto-leccion-numero-8-arabesques-poses-de-la-danza-clasica-metodo-de-la-escuela-vaganova-parte-1\/\",\"url\":\"https:\/\/worldballetclass.com\/master-classes\/maestra-mayumi-sakamoto-leccion-numero-8-arabesques-poses-de-la-danza-clasica-metodo-de-la-escuela-vaganova-parte-1\/\",\"name\":\"Maestra Mayumi Sakamoto Leccion numero 8 | Arabesques | Poses De La Danza Cl\u00e1sica- Met\u00f3do De La Escuela Vaganova Parte 1 - WorldBalletClass\",\"isPartOf\":{\"@id\":\"https:\/\/worldballetclass.com\/#website\"},\"primaryImageOfPage\":{\"@id\":\"https:\/\/worldballetclass.com\/master-classes\/maestra-mayumi-sakamoto-leccion-numero-8-arabesques-poses-de-la-danza-clasica-metodo-de-la-escuela-vaganova-parte-1\/#primaryimage\"},\"image\":{\"@id\":\"https:\/\/worldballetclass.com\/master-classes\/maestra-mayumi-sakamoto-leccion-numero-8-arabesques-poses-de-la-danza-clasica-metodo-de-la-escuela-vaganova-parte-1\/#primaryimage\"},\"thumbnailUrl\":\"https:\/\/worldballetclass.com\/wp-content\/uploads\/2021\/09\/Mayumi-11-3-\u043a\u043e\u043f\u0438\u044f-1.jpg\",\"datePublished\":\"2021-09-29T15:51:45+00:00\",\"dateModified\":\"2021-09-29T16:12:05+00:00\",\"breadcrumb\":{\"@id\":\"https:\/\/worldballetclass.com\/master-classes\/maestra-mayumi-sakamoto-leccion-numero-8-arabesques-poses-de-la-danza-clasica-metodo-de-la-escuela-vaganova-parte-1\/#breadcrumb\"},\"inLanguage\":\"ja\",\"potentialAction\":[{\"@type\":\"ReadAction\",\"target\":[\"https:\/\/worldballetclass.com\/master-classes\/maestra-mayumi-sakamoto-leccion-numero-8-arabesques-poses-de-la-danza-clasica-metodo-de-la-escuela-vaganova-parte-1\/\"]}]},{\"@type\":\"ImageObject\",\"inLanguage\":\"ja\",\"@id\":\"https:\/\/worldballetclass.com\/master-classes\/maestra-mayumi-sakamoto-leccion-numero-8-arabesques-poses-de-la-danza-clasica-metodo-de-la-escuela-vaganova-parte-1\/#primaryimage\",\"url\":\"https:\/\/worldballetclass.com\/wp-content\/uploads\/2021\/09\/Mayumi-11-3-\u043a\u043e\u043f\u0438\u044f-1.jpg\",\"contentUrl\":\"https:\/\/worldballetclass.com\/wp-content\/uploads\/2021\/09\/Mayumi-11-3-\u043a\u043e\u043f\u0438\u044f-1.jpg\",\"width\":1500,\"height\":1500},{\"@type\":\"BreadcrumbList\",\"@id\":\"https:\/\/worldballetclass.com\/master-classes\/maestra-mayumi-sakamoto-leccion-numero-8-arabesques-poses-de-la-danza-clasica-metodo-de-la-escuela-vaganova-parte-1\/#breadcrumb\",\"itemListElement\":[{\"@type\":\"ListItem\",\"position\":1,\"name\":\"Master-Classes\",\"item\":\"https:\/\/worldballetclass.com\/master-classes\/\"},{\"@type\":\"ListItem\",\"position\":2,\"name\":\"Beginner\",\"item\":\"https:\/\/worldballetclass.com\/product-tag\/beginner\/\"},{\"@type\":\"ListItem\",\"position\":3,\"name\":\"Maestra Mayumi Sakamoto Leccion numero 8 | Arabesques | Poses De La Danza Cl\u00e1sica- Met\u00f3do De La Escuela Vaganova Parte 1\"}]},{\"@type\":\"WebSite\",\"@id\":\"https:\/\/worldballetclass.com\/#website\",\"url\":\"https:\/\/worldballetclass.com\/\",\"name\":\"WorldBalletClass\",\"description\":\"abhte115\",\"publisher\":{\"@id\":\"https:\/\/worldballetclass.com\/#organization\"},\"potentialAction\":[{\"@type\":\"SearchAction\",\"target\":{\"@type\":\"EntryPoint\",\"urlTemplate\":\"https:\/\/worldballetclass.com\/?s={search_term_string}\"},\"query-input\":{\"@type\":\"PropertyValueSpecification\",\"valueRequired\":true,\"valueName\":\"search_term_string\"}}],\"inLanguage\":\"ja\"},{\"@type\":\"Organization\",\"@id\":\"https:\/\/worldballetclass.com\/#organization\",\"name\":\"WorldBalletClass\",\"url\":\"https:\/\/worldballetclass.com\/\",\"logo\":{\"@type\":\"ImageObject\",\"inLanguage\":\"ja\",\"@id\":\"https:\/\/worldballetclass.com\/#\/schema\/logo\/image\/\",\"url\":\"https:\/\/worldballetclass.com\/wp-content\/uploads\/2020\/04\/logo-06.png\",\"contentUrl\":\"https:\/\/worldballetclass.com\/wp-content\/uploads\/2020\/04\/logo-06.png\",\"width\":278,\"height\":27,\"caption\":\"WorldBalletClass\"},\"image\":{\"@id\":\"https:\/\/worldballetclass.com\/#\/schema\/logo\/image\/\"},\"sameAs\":[\"https:\/\/www.facebook.com\/WorldBalletClass\/\",\"https:\/\/www.instagram.com\/worldballetclass\/\",\"https:\/\/www.youtube.com\/channel\/UCNmPoQTLIlWsjWJypfXP3Zw\/\"]}]}<\/script>\n<!-- \/ Yoast SEO plugin. -->","yoast_head_json":{"title":"Maestra Mayumi Sakamoto  Leccion numero 8 | Arabesques | Poses De La Danza Cl\u00e1sica- Met\u00f3do De La Escuela Vaganova Parte 1 - WorldBalletClass","robots":{"index":"index","follow":"follow","max-snippet":"max-snippet:-1","max-image-preview":"max-image-preview:large","max-video-preview":"max-video-preview:-1"},"canonical":"https:\/\/worldballetclass.com\/master-classes\/maestra-mayumi-sakamoto-leccion-numero-8-arabesques-poses-de-la-danza-clasica-metodo-de-la-escuela-vaganova-parte-1\/","og_locale":"ja_JP","og_type":"article","og_title":"Maestra Mayumi Sakamoto  Leccion numero 8 | Arabesques | Poses De La Danza Cl\u00e1sica- Met\u00f3do De La Escuela Vaganova Parte 1 - WorldBalletClass","og_description":"El arabesque es una de las poses b\u00e1sicas de la danza cl\u00e1sica. Las formas del arabesque son multiples. Los principales arabesque adoptados en la escuela rusa para sus ballets son los cuatros siguientes: 1\u00ba Arabesque (abierto, ouverte, along\u00e9e). 2\u00ba Arabesque. 3\u00ba Arabesque y el 4\u00ba Arabesque.","og_url":"https:\/\/worldballetclass.com\/master-classes\/maestra-mayumi-sakamoto-leccion-numero-8-arabesques-poses-de-la-danza-clasica-metodo-de-la-escuela-vaganova-parte-1\/","og_site_name":"WorldBalletClass","article_publisher":"https:\/\/www.facebook.com\/WorldBalletClass\/","article_modified_time":"2021-09-29T16:12:05+00:00","og_image":[{"width":1500,"height":1500,"url":"https:\/\/worldballetclass.com\/wp-content\/uploads\/2021\/09\/Mayumi-11-3-\u043a\u043e\u043f\u0438\u044f-1.jpg","type":"image\/jpeg"}],"twitter_card":"summary_large_image","twitter_misc":{"\u63a8\u5b9a\u8aad\u307f\u53d6\u308a\u6642\u9593":"2\u5206"},"schema":{"@context":"https:\/\/schema.org","@graph":[{"@type":"WebPage","@id":"https:\/\/worldballetclass.com\/master-classes\/maestra-mayumi-sakamoto-leccion-numero-8-arabesques-poses-de-la-danza-clasica-metodo-de-la-escuela-vaganova-parte-1\/","url":"https:\/\/worldballetclass.com\/master-classes\/maestra-mayumi-sakamoto-leccion-numero-8-arabesques-poses-de-la-danza-clasica-metodo-de-la-escuela-vaganova-parte-1\/","name":"Maestra Mayumi Sakamoto Leccion numero 8 | Arabesques | Poses De La Danza Cl\u00e1sica- Met\u00f3do De La Escuela Vaganova Parte 1 - WorldBalletClass","isPartOf":{"@id":"https:\/\/worldballetclass.com\/#website"},"primaryImageOfPage":{"@id":"https:\/\/worldballetclass.com\/master-classes\/maestra-mayumi-sakamoto-leccion-numero-8-arabesques-poses-de-la-danza-clasica-metodo-de-la-escuela-vaganova-parte-1\/#primaryimage"},"image":{"@id":"https:\/\/worldballetclass.com\/master-classes\/maestra-mayumi-sakamoto-leccion-numero-8-arabesques-poses-de-la-danza-clasica-metodo-de-la-escuela-vaganova-parte-1\/#primaryimage"},"thumbnailUrl":"https:\/\/worldballetclass.com\/wp-content\/uploads\/2021\/09\/Mayumi-11-3-\u043a\u043e\u043f\u0438\u044f-1.jpg","datePublished":"2021-09-29T15:51:45+00:00","dateModified":"2021-09-29T16:12:05+00:00","breadcrumb":{"@id":"https:\/\/worldballetclass.com\/master-classes\/maestra-mayumi-sakamoto-leccion-numero-8-arabesques-poses-de-la-danza-clasica-metodo-de-la-escuela-vaganova-parte-1\/#breadcrumb"},"inLanguage":"ja","potentialAction":[{"@type":"ReadAction","target":["https:\/\/worldballetclass.com\/master-classes\/maestra-mayumi-sakamoto-leccion-numero-8-arabesques-poses-de-la-danza-clasica-metodo-de-la-escuela-vaganova-parte-1\/"]}]},{"@type":"ImageObject","inLanguage":"ja","@id":"https:\/\/worldballetclass.com\/master-classes\/maestra-mayumi-sakamoto-leccion-numero-8-arabesques-poses-de-la-danza-clasica-metodo-de-la-escuela-vaganova-parte-1\/#primaryimage","url":"https:\/\/worldballetclass.com\/wp-content\/uploads\/2021\/09\/Mayumi-11-3-\u043a\u043e\u043f\u0438\u044f-1.jpg","contentUrl":"https:\/\/worldballetclass.com\/wp-content\/uploads\/2021\/09\/Mayumi-11-3-\u043a\u043e\u043f\u0438\u044f-1.jpg","width":1500,"height":1500},{"@type":"BreadcrumbList","@id":"https:\/\/worldballetclass.com\/master-classes\/maestra-mayumi-sakamoto-leccion-numero-8-arabesques-poses-de-la-danza-clasica-metodo-de-la-escuela-vaganova-parte-1\/#breadcrumb","itemListElement":[{"@type":"ListItem","position":1,"name":"Master-Classes","item":"https:\/\/worldballetclass.com\/master-classes\/"},{"@type":"ListItem","position":2,"name":"Beginner","item":"https:\/\/worldballetclass.com\/product-tag\/beginner\/"},{"@type":"ListItem","position":3,"name":"Maestra Mayumi Sakamoto Leccion numero 8 | Arabesques | Poses De La Danza Cl\u00e1sica- Met\u00f3do De La Escuela Vaganova Parte 1"}]},{"@type":"WebSite","@id":"https:\/\/worldballetclass.com\/#website","url":"https:\/\/worldballetclass.com\/","name":"WorldBalletClass","description":"abhte115","publisher":{"@id":"https:\/\/worldballetclass.com\/#organization"},"potentialAction":[{"@type":"SearchAction","target":{"@type":"EntryPoint","urlTemplate":"https:\/\/worldballetclass.com\/?s={search_term_string}"},"query-input":{"@type":"PropertyValueSpecification","valueRequired":true,"valueName":"search_term_string"}}],"inLanguage":"ja"},{"@type":"Organization","@id":"https:\/\/worldballetclass.com\/#organization","name":"WorldBalletClass","url":"https:\/\/worldballetclass.com\/","logo":{"@type":"ImageObject","inLanguage":"ja","@id":"https:\/\/worldballetclass.com\/#\/schema\/logo\/image\/","url":"https:\/\/worldballetclass.com\/wp-content\/uploads\/2020\/04\/logo-06.png","contentUrl":"https:\/\/worldballetclass.com\/wp-content\/uploads\/2020\/04\/logo-06.png","width":278,"height":27,"caption":"WorldBalletClass"},"image":{"@id":"https:\/\/worldballetclass.com\/#\/schema\/logo\/image\/"},"sameAs":["https:\/\/www.facebook.com\/WorldBalletClass\/","https:\/\/www.instagram.com\/worldballetclass\/","https:\/\/www.youtube.com\/channel\/UCNmPoQTLIlWsjWJypfXP3Zw\/"]}]}},"_links":{"self":[{"href":"https:\/\/worldballetclass.com\/ja\/wp-json\/wp\/v2\/product\/6617","targetHints":{"allow":["GET"]}}],"collection":[{"href":"https:\/\/worldballetclass.com\/ja\/wp-json\/wp\/v2\/product"}],"about":[{"href":"https:\/\/worldballetclass.com\/ja\/wp-json\/wp\/v2\/types\/product"}],"replies":[{"embeddable":true,"href":"https:\/\/worldballetclass.com\/ja\/wp-json\/wp\/v2\/comments?post=6617"}],"version-history":[{"count":1,"href":"https:\/\/worldballetclass.com\/ja\/wp-json\/wp\/v2\/product\/6617\/revisions"}],"predecessor-version":[{"id":6621,"href":"https:\/\/worldballetclass.com\/ja\/wp-json\/wp\/v2\/product\/6617\/revisions\/6621"}],"wp:featuredmedia":[{"embeddable":true,"href":"https:\/\/worldballetclass.com\/ja\/wp-json\/wp\/v2\/media\/6623"}],"wp:attachment":[{"href":"https:\/\/worldballetclass.com\/ja\/wp-json\/wp\/v2\/media?parent=6617"}],"wp:term":[{"taxonomy":"product_brand","embeddable":true,"href":"https:\/\/worldballetclass.com\/ja\/wp-json\/wp\/v2\/product_brand?post=6617"},{"taxonomy":"product_cat","embeddable":true,"href":"https:\/\/worldballetclass.com\/ja\/wp-json\/wp\/v2\/product_cat?post=6617"},{"taxonomy":"product_tag","embeddable":true,"href":"https:\/\/worldballetclass.com\/ja\/wp-json\/wp\/v2\/product_tag?post=6617"}],"curies":[{"name":"wp","href":"https:\/\/api.w.org\/{rel}","templated":true}]}}